{"id":7290,"date":"2020-10-27T15:16:17","date_gmt":"2020-10-27T15:16:17","guid":{"rendered":"https:\/\/www.fringuello.eu\/nature-immersion\/"},"modified":"2021-01-29T11:36:20","modified_gmt":"2021-01-29T11:36:20","slug":"eintauchen-in-die-natur","status":"publish","type":"page","link":"https:\/\/www.fringuello.eu\/de\/eintauchen-in-die-natur\/","title":{"rendered":"Eintauchen in die Natur"},"content":{"rendered":"\t\t<div data-elementor-type=\"wp-page\" data-elementor-id=\"7290\" class=\"elementor elementor-7290 elementor-4953\" data-elementor-post-type=\"page\">\n\t\t\t\t\t\t<section class=\"elementor-section elementor-top-section elementor-element elementor-element-eb775c3 elementor-section-boxed elementor-section-height-default elementor-section-height-default qodef-elementor-content-no\" data-id=\"eb775c3\" data-element_type=\"section\" data-settings=\"{&quot;background_background&quot;:&quot;classic&quot;}\">\n\t\t\t\t\t\t<div class=\"elementor-container elementor-column-gap-no\">\n\t\t\t\t\t<div class=\"elementor-column elementor-col-50 elementor-top-column elementor-element elementor-element-76e0335\" data-id=\"76e0335\" data-element_type=\"column\" data-settings=\"{&quot;background_background&quot;:&quot;classic&quot;}\">\n\t\t\t<div class=\"elementor-widget-wrap elementor-element-populated\">\n\t\t\t\t\t\t<div class=\"elementor-element elementor-element-1f72c90 elementor-widget elementor-widget-alloggio_core_section_title\" data-id=\"1f72c90\" data-element_type=\"widget\" data-widget_type=\"alloggio_core_section_title.default\">\n\t\t\t\t<div class=\"elementor-widget-container\">\n\t\t\t\t\t<div class=\"qodef-shortcode qodef-m  qodef-section-title qodef-alignment--center\">\n\t\t<h2 class=\"qodef-m-title\" style=\"color: #79605C\">\n\t\t\t\t\tEINTAUCHEN IN DIE NATUR\t\t\t<\/h2>\n\t<\/div>\t\t\t\t<\/div>\n\t\t\t\t<\/div>\n\t\t\t\t\t<\/div>\n\t\t<\/div>\n\t\t\t\t<div class=\"elementor-column elementor-col-50 elementor-top-column elementor-element elementor-element-06aeb44 elementor-hidden-tablet elementor-hidden-phone\" data-id=\"06aeb44\" data-element_type=\"column\" data-settings=\"{&quot;background_background&quot;:&quot;classic&quot;}\">\n\t\t\t<div class=\"elementor-widget-wrap\">\n\t\t\t\t\t\t\t<\/div>\n\t\t<\/div>\n\t\t\t\t\t<\/div>\n\t\t<\/section>\n\t\t\t\t<section class=\"elementor-section elementor-top-section elementor-element elementor-element-d939a5e elementor-section-full_width elementor-section-height-default elementor-section-height-default qodef-elementor-content-no\" data-id=\"d939a5e\" data-element_type=\"section\">\n\t\t\t\t\t\t<div class=\"elementor-container elementor-column-gap-no\">\n\t\t\t\t\t<div class=\"elementor-column elementor-col-33 elementor-top-column elementor-element elementor-element-78720b5\" data-id=\"78720b5\" data-element_type=\"column\" data-settings=\"{&quot;background_background&quot;:&quot;classic&quot;}\">\n\t\t\t<div class=\"elementor-widget-wrap elementor-element-populated\">\n\t\t\t\t\t\t<div class=\"elementor-element elementor-element-011ced4 elementor-widget elementor-widget-alloggio_core_section_title\" data-id=\"011ced4\" data-element_type=\"widget\" data-widget_type=\"alloggio_core_section_title.default\">\n\t\t\t\t<div class=\"elementor-widget-container\">\n\t\t\t\t\t<div class=\"qodef-shortcode qodef-m  qodef-section-title qodef-alignment--left\">\n\t\t<h2 class=\"qodef-m-title\" >\n\t\t\t\t\tLandschaft\t\t\t<\/h2>\n\t<\/div>\t\t\t\t<\/div>\n\t\t\t\t<\/div>\n\t\t\t\t<div class=\"elementor-element elementor-element-e139047 elementor-widget elementor-widget-text-editor\" data-id=\"e139047\" data-element_type=\"widget\" data-widget_type=\"text-editor.default\">\n\t\t\t\t<div class=\"elementor-widget-container\">\n\t\t\t\t\t\t\t\t\t<p>Tauchen Sie ein in die unber\u00fchrte Landschaft der H\u00fcgel von Cortona, eingebettet in einem gesch\u00fctzten Gebiet, in dem Mensch und Natur seit jeher im Einklang leben.<\/p>\t\t\t\t\t\t\t\t<\/div>\n\t\t\t\t<\/div>\n\t\t\t\t\t<\/div>\n\t\t<\/div>\n\t\t\t\t<div class=\"elementor-column elementor-col-66 elementor-top-column elementor-element elementor-element-18c65cc\" data-id=\"18c65cc\" data-element_type=\"column\">\n\t\t\t<div class=\"elementor-widget-wrap elementor-element-populated\">\n\t\t\t\t\t\t<div class=\"elementor-element elementor-element-61abbac elementor-widget elementor-widget-image\" data-id=\"61abbac\" data-element_type=\"widget\" data-widget_type=\"image.default\">\n\t\t\t\t<div class=\"elementor-widget-container\">\n\t\t\t\t\t\t\t\t\t\t\t\t\t\t\t<img fetchpriority=\"high\" decoding=\"async\" width=\"1024\" height=\"683\" src=\"https:\/\/www.fringuello.eu\/wp-content\/uploads\/2020\/09\/territorio_cortona_fringuello_1-1024x683.jpg\" class=\"attachment-large size-large wp-image-6883\" alt=\"\" srcset=\"https:\/\/www.fringuello.eu\/wp-content\/uploads\/2020\/09\/territorio_cortona_fringuello_1-1024x683.jpg 1024w, https:\/\/www.fringuello.eu\/wp-content\/uploads\/2020\/09\/territorio_cortona_fringuello_1-300x200.jpg 300w, https:\/\/www.fringuello.eu\/wp-content\/uploads\/2020\/09\/territorio_cortona_fringuello_1-768x512.jpg 768w, https:\/\/www.fringuello.eu\/wp-content\/uploads\/2020\/09\/territorio_cortona_fringuello_1-1536x1025.jpg 1536w, https:\/\/www.fringuello.eu\/wp-content\/uploads\/2020\/09\/territorio_cortona_fringuello_1-600x400.jpg 600w, https:\/\/www.fringuello.eu\/wp-content\/uploads\/2020\/09\/territorio_cortona_fringuello_1.jpg 1920w\" sizes=\"(max-width: 1024px) 100vw, 1024px\" \/>\t\t\t\t\t\t\t\t\t\t\t\t\t\t\t<\/div>\n\t\t\t\t<\/div>\n\t\t\t\t\t<\/div>\n\t\t<\/div>\n\t\t\t\t\t<\/div>\n\t\t<\/section>\n\t\t\t\t<section class=\"elementor-section elementor-top-section elementor-element elementor-element-766aabf elementor-section-full_width elementor-section-height-default elementor-section-height-default qodef-elementor-content-no\" data-id=\"766aabf\" data-element_type=\"section\">\n\t\t\t\t\t\t<div class=\"elementor-container elementor-column-gap-no\">\n\t\t\t\t\t<div class=\"elementor-column elementor-col-66 elementor-top-column elementor-element elementor-element-5ab6807\" data-id=\"5ab6807\" data-element_type=\"column\">\n\t\t\t<div class=\"elementor-widget-wrap elementor-element-populated\">\n\t\t\t\t\t\t<div class=\"elementor-element elementor-element-fe9fda9 elementor-widget elementor-widget-image\" data-id=\"fe9fda9\" data-element_type=\"widget\" data-widget_type=\"image.default\">\n\t\t\t\t<div class=\"elementor-widget-container\">\n\t\t\t\t\t\t\t\t\t\t\t\t\t\t\t<img decoding=\"async\" width=\"1024\" height=\"683\" src=\"https:\/\/www.fringuello.eu\/wp-content\/uploads\/2020\/10\/natura_1.jpg\" class=\"attachment-large size-large wp-image-6941\" alt=\"\" srcset=\"https:\/\/www.fringuello.eu\/wp-content\/uploads\/2020\/10\/natura_1.jpg 1024w, https:\/\/www.fringuello.eu\/wp-content\/uploads\/2020\/10\/natura_1-300x200.jpg 300w, https:\/\/www.fringuello.eu\/wp-content\/uploads\/2020\/10\/natura_1-768x512.jpg 768w\" sizes=\"(max-width: 1024px) 100vw, 1024px\" \/>\t\t\t\t\t\t\t\t\t\t\t\t\t\t\t<\/div>\n\t\t\t\t<\/div>\n\t\t\t\t\t<\/div>\n\t\t<\/div>\n\t\t\t\t<div class=\"elementor-column elementor-col-33 elementor-top-column elementor-element elementor-element-8f5ba3f\" data-id=\"8f5ba3f\" data-element_type=\"column\" data-settings=\"{&quot;background_background&quot;:&quot;classic&quot;}\">\n\t\t\t<div class=\"elementor-widget-wrap elementor-element-populated\">\n\t\t\t\t\t\t<div class=\"elementor-element elementor-element-e991c02 elementor-widget elementor-widget-alloggio_core_section_title\" data-id=\"e991c02\" data-element_type=\"widget\" data-widget_type=\"alloggio_core_section_title.default\">\n\t\t\t\t<div class=\"elementor-widget-container\">\n\t\t\t\t\t<div class=\"qodef-shortcode qodef-m  qodef-section-title qodef-alignment--left\">\n\t\t<h2 class=\"qodef-m-title\" >\n\t\t\t\t\tSpazierg\u00e4nge\t\t\t<\/h2>\n\t<\/div>\t\t\t\t<\/div>\n\t\t\t\t<\/div>\n\t\t\t\t<div class=\"elementor-element elementor-element-ec7ff30 elementor-widget elementor-widget-text-editor\" data-id=\"ec7ff30\" data-element_type=\"widget\" data-widget_type=\"text-editor.default\">\n\t\t\t\t<div class=\"elementor-widget-container\">\n\t\t\t\t\t\t\t\t\t<p>Die Olivenhaine sind der perfekte Ort f\u00fcr erholsame Spazierg\u00e4nge. Dort k\u00f6nnen Sie das Rauschen der Bl\u00e4tter und den Gesang der V\u00f6gel genie\u00dfen.<\/p>\t\t\t\t\t\t\t\t<\/div>\n\t\t\t\t<\/div>\n\t\t\t\t\t<\/div>\n\t\t<\/div>\n\t\t\t\t\t<\/div>\n\t\t<\/section>\n\t\t\t\t<section class=\"elementor-section elementor-top-section elementor-element elementor-element-265291d elementor-section-full_width elementor-section-height-default elementor-section-height-default qodef-elementor-content-no\" data-id=\"265291d\" data-element_type=\"section\">\n\t\t\t\t\t\t<div class=\"elementor-container elementor-column-gap-no\">\n\t\t\t\t\t<div class=\"elementor-column elementor-col-33 elementor-top-column elementor-element elementor-element-65bb4b9\" data-id=\"65bb4b9\" data-element_type=\"column\">\n\t\t\t<div class=\"elementor-widget-wrap elementor-element-populated\">\n\t\t\t\t\t\t<div class=\"elementor-element elementor-element-87b49eb elementor-widget elementor-widget-image\" data-id=\"87b49eb\" data-element_type=\"widget\" data-widget_type=\"image.default\">\n\t\t\t\t<div class=\"elementor-widget-container\">\n\t\t\t\t\t\t\t\t\t\t\t\t\t\t\t<img decoding=\"async\" width=\"1024\" height=\"683\" src=\"https:\/\/www.fringuello.eu\/wp-content\/uploads\/2020\/10\/energia_1.jpg\" class=\"attachment-full size-full wp-image-6943\" alt=\"\" srcset=\"https:\/\/www.fringuello.eu\/wp-content\/uploads\/2020\/10\/energia_1.jpg 1024w, https:\/\/www.fringuello.eu\/wp-content\/uploads\/2020\/10\/energia_1-300x200.jpg 300w, https:\/\/www.fringuello.eu\/wp-content\/uploads\/2020\/10\/energia_1-768x512.jpg 768w\" sizes=\"(max-width: 1024px) 100vw, 1024px\" \/>\t\t\t\t\t\t\t\t\t\t\t\t\t\t\t<\/div>\n\t\t\t\t<\/div>\n\t\t\t\t\t<\/div>\n\t\t<\/div>\n\t\t\t\t<div class=\"elementor-column elementor-col-33 elementor-top-column elementor-element elementor-element-11688fa\" data-id=\"11688fa\" data-element_type=\"column\" data-settings=\"{&quot;background_background&quot;:&quot;classic&quot;}\">\n\t\t\t<div class=\"elementor-widget-wrap elementor-element-populated\">\n\t\t\t\t\t\t<div class=\"elementor-element elementor-element-b9d02d1 elementor-widget elementor-widget-alloggio_core_section_title\" data-id=\"b9d02d1\" data-element_type=\"widget\" data-widget_type=\"alloggio_core_section_title.default\">\n\t\t\t\t<div class=\"elementor-widget-container\">\n\t\t\t\t\t<div class=\"qodef-shortcode qodef-m  qodef-section-title qodef-alignment--left\">\n\t\t<h2 class=\"qodef-m-title\" >\n\t\t\t\t\tSaubere Energie\t\t\t<\/h2>\n\t<\/div>\t\t\t\t<\/div>\n\t\t\t\t<\/div>\n\t\t\t\t<div class=\"elementor-element elementor-element-0f85d80 elementor-widget elementor-widget-text-editor\" data-id=\"0f85d80\" data-element_type=\"widget\" data-widget_type=\"text-editor.default\">\n\t\t\t\t<div class=\"elementor-widget-container\">\n\t\t\t\t\t\t\t\t\t<p>Mit Strom aus einer eigenen Photovoltaikanlage deckt Fringuello den Gro\u00dfteil seines Energiebedarfs. Zus\u00e4tzlich liefert ein Anbieter Elektrizit\u00e4t, die zu 100 Prozent aus erneuerbaren Quellen stammt.<\/p>\t\t\t\t\t\t\t\t<\/div>\n\t\t\t\t<\/div>\n\t\t\t\t\t<\/div>\n\t\t<\/div>\n\t\t\t\t<div class=\"elementor-column elementor-col-33 elementor-top-column elementor-element elementor-element-4d64b62\" data-id=\"4d64b62\" data-element_type=\"column\" data-settings=\"{&quot;background_background&quot;:&quot;classic&quot;}\">\n\t\t\t<div class=\"elementor-widget-wrap elementor-element-populated\">\n\t\t\t\t\t\t<div class=\"elementor-element elementor-element-3f1ac3a elementor-widget elementor-widget-alloggio_core_section_title\" data-id=\"3f1ac3a\" data-element_type=\"widget\" data-widget_type=\"alloggio_core_section_title.default\">\n\t\t\t\t<div class=\"elementor-widget-container\">\n\t\t\t\t\t<div class=\"qodef-shortcode qodef-m  qodef-section-title qodef-alignment--left\">\n\t\t<h2 class=\"qodef-m-title\" >\n\t\t\t\t\tDas Wasser\t\t\t<\/h2>\n\t<\/div>\t\t\t\t<\/div>\n\t\t\t\t<\/div>\n\t\t\t\t<div class=\"elementor-element elementor-element-d3772c6 elementor-widget elementor-widget-text-editor\" data-id=\"d3772c6\" data-element_type=\"widget\" data-widget_type=\"text-editor.default\">\n\t\t\t\t<div class=\"elementor-widget-container\">\n\t\t\t\t\t\t\t\t\t<p><span data-sheets-value=\"{&quot;1&quot;:2,&quot;2&quot;:&quot;Wasser ist ein wertvolles Gut. Das Abwasser wird gefiltert und gereinigt und zur Bew\u00e4sserung des Gartens verwendet.&quot;}\" data-sheets-userformat=\"{&quot;2&quot;:7107,&quot;3&quot;:{&quot;1&quot;:0},&quot;4&quot;:[null,2,16777215],&quot;9&quot;:0,&quot;10&quot;:0,&quot;11&quot;:4,&quot;12&quot;:0,&quot;14&quot;:[null,2,0],&quot;15&quot;:&quot;Arial&quot;}\">Wasser ist ein wertvolles Gut. Das Abwasser wird gefiltert und gereinigt und zur Bew\u00e4sserung des Gartens verwendet.<\/span><\/p>\t\t\t\t\t\t\t\t<\/div>\n\t\t\t\t<\/div>\n\t\t\t\t\t<\/div>\n\t\t<\/div>\n\t\t\t\t\t<\/div>\n\t\t<\/section>\n\t\t\t\t<section class=\"elementor-section elementor-top-section elementor-element elementor-element-646a6f0 elementor-section-full_width elementor-section-height-default elementor-section-height-default qodef-elementor-content-no\" data-id=\"646a6f0\" data-element_type=\"section\">\n\t\t\t\t\t\t<div class=\"elementor-container elementor-column-gap-no\">\n\t\t\t\t\t<div class=\"elementor-column elementor-col-33 elementor-top-column elementor-element elementor-element-93148fe\" data-id=\"93148fe\" data-element_type=\"column\" data-settings=\"{&quot;background_background&quot;:&quot;classic&quot;}\">\n\t\t\t<div class=\"elementor-widget-wrap elementor-element-populated\">\n\t\t\t\t\t\t<div class=\"elementor-element elementor-element-44c8016 elementor-widget elementor-widget-alloggio_core_section_title\" data-id=\"44c8016\" data-element_type=\"widget\" data-widget_type=\"alloggio_core_section_title.default\">\n\t\t\t\t<div class=\"elementor-widget-container\">\n\t\t\t\t\t<div class=\"qodef-shortcode qodef-m  qodef-section-title qodef-alignment--left\">\n\t\t<h2 class=\"qodef-m-title\" >\n\t\t\t\t\tAktivit\u00e4ten\t\t\t<\/h2>\n\t<\/div>\t\t\t\t<\/div>\n\t\t\t\t<\/div>\n\t\t\t\t<div class=\"elementor-element elementor-element-97a86a9 elementor-widget elementor-widget-text-editor\" data-id=\"97a86a9\" data-element_type=\"widget\" data-widget_type=\"text-editor.default\">\n\t\t\t\t<div class=\"elementor-widget-container\">\n\t\t\t\t\t\t\t\t\t<p><span data-sheets-value=\"{&quot;1&quot;:2,&quot;2&quot;:&quot;Yoga, Reiten, Trekking oder Waldtherapie. Bei gastronomischen Exkursionen k\u00f6nnen Sie K\u00f6stlichkeiten aus der Region und die hiesigen Weine kennenlernen.&quot;}\" data-sheets-userformat=\"{&quot;2&quot;:15297,&quot;3&quot;:{&quot;1&quot;:0},&quot;9&quot;:0,&quot;10&quot;:0,&quot;11&quot;:4,&quot;12&quot;:0,&quot;14&quot;:[null,2,2236962],&quot;15&quot;:&quot;inherit&quot;,&quot;16&quot;:10}\">Yoga, Reiten, Trekking oder Waldtherapie. Bei gastronomischen Exkursionen k\u00f6nnen Sie K\u00f6stlichkeiten aus der Region und die hiesigen Weine kennenlernen.<\/span><\/p>\t\t\t\t\t\t\t\t<\/div>\n\t\t\t\t<\/div>\n\t\t\t\t<div class=\"elementor-element elementor-element-7872d62 elementor-widget elementor-widget-alloggio_core_button\" data-id=\"7872d62\" data-element_type=\"widget\" data-widget_type=\"alloggio_core_button.default\">\n\t\t\t\t<div class=\"elementor-widget-container\">\n\t\t\t\t\t<a class=\"qodef-shortcode qodef-m  qodef-button qodef-layout--textual  qodef-html--link\" href=\"https:\/\/www.fringuello.eu\/de\/kontakt\/\" target=\"_self\"  style=\"margin: 0px 0px 0px 0px\">\n\t<span class=\"qodef-m-text\">Kontaktieren Sie uns f\u00fcr weitere Informationen<\/span>\n\t<span class=\"qodef-m-plus\"><\/span>\n<\/a>\t\t\t\t<\/div>\n\t\t\t\t<\/div>\n\t\t\t\t\t<\/div>\n\t\t<\/div>\n\t\t\t\t<div class=\"elementor-column elementor-col-66 elementor-top-column elementor-element elementor-element-f9e2c25\" data-id=\"f9e2c25\" data-element_type=\"column\">\n\t\t\t<div class=\"elementor-widget-wrap elementor-element-populated\">\n\t\t\t\t\t\t<div class=\"elementor-element elementor-element-cca95ce elementor-widget elementor-widget-image\" data-id=\"cca95ce\" data-element_type=\"widget\" data-widget_type=\"image.default\">\n\t\t\t\t<div class=\"elementor-widget-container\">\n\t\t\t\t\t\t\t\t\t\t\t\t\t\t\t<img loading=\"lazy\" decoding=\"async\" width=\"1024\" height=\"654\" src=\"https:\/\/www.fringuello.eu\/wp-content\/uploads\/2020\/09\/cavalli_toscana_agriturismo_fringuello_1-1024x654.jpg\" class=\"attachment-large size-large wp-image-6873\" alt=\"\" srcset=\"https:\/\/www.fringuello.eu\/wp-content\/uploads\/2020\/09\/cavalli_toscana_agriturismo_fringuello_1-1024x654.jpg 1024w, https:\/\/www.fringuello.eu\/wp-content\/uploads\/2020\/09\/cavalli_toscana_agriturismo_fringuello_1-300x192.jpg 300w, https:\/\/www.fringuello.eu\/wp-content\/uploads\/2020\/09\/cavalli_toscana_agriturismo_fringuello_1-768x491.jpg 768w, https:\/\/www.fringuello.eu\/wp-content\/uploads\/2020\/09\/cavalli_toscana_agriturismo_fringuello_1-1536x982.jpg 1536w, https:\/\/www.fringuello.eu\/wp-content\/uploads\/2020\/09\/cavalli_toscana_agriturismo_fringuello_1-600x383.jpg 600w, https:\/\/www.fringuello.eu\/wp-content\/uploads\/2020\/09\/cavalli_toscana_agriturismo_fringuello_1.jpg 1920w\" sizes=\"(max-width: 1024px) 100vw, 1024px\" \/>\t\t\t\t\t\t\t\t\t\t\t\t\t\t\t<\/div>\n\t\t\t\t<\/div>\n\t\t\t\t\t<\/div>\n\t\t<\/div>\n\t\t\t\t\t<\/div>\n\t\t<\/section>\n\t\t\t\t<\/div>\n\t\t","protected":false},"excerpt":{"rendered":"<p>EINTAUCHEN IN DIE NATUR Landschaft Tauchen Sie ein in die unber\u00fchrte Landschaft der H\u00fcgel von Cortona, eingebettet in einem gesch\u00fctzten Gebiet, in dem Mensch und Natur seit jeher im Einklang leben. Spazierg\u00e4nge Die Olivenhaine sind der perfekte Ort f\u00fcr erholsame Spazierg\u00e4nge. Dort k\u00f6nnen Sie das Rauschen der Bl\u00e4tter und den Gesang der V\u00f6gel genie\u00dfen. Saubere [&hellip;]<\/p>\n","protected":false},"author":1,"featured_media":0,"parent":0,"menu_order":0,"comment_status":"closed","ping_status":"closed","template":"","meta":{"footnotes":""},"class_list":["post-7290","page","type-page","status-publish","hentry"],"aioseo_notices":[],"_links":{"self":[{"href":"https:\/\/www.fringuello.eu\/de\/wp-json\/wp\/v2\/pages\/7290","targetHints":{"allow":["GET"]}}],"collection":[{"href":"https:\/\/www.fringuello.eu\/de\/wp-json\/wp\/v2\/pages"}],"about":[{"href":"https:\/\/www.fringuello.eu\/de\/wp-json\/wp\/v2\/types\/page"}],"author":[{"embeddable":true,"href":"https:\/\/www.fringuello.eu\/de\/wp-json\/wp\/v2\/users\/1"}],"replies":[{"embeddable":true,"href":"https:\/\/www.fringuello.eu\/de\/wp-json\/wp\/v2\/comments?post=7290"}],"version-history":[{"count":0,"href":"https:\/\/www.fringuello.eu\/de\/wp-json\/wp\/v2\/pages\/7290\/revisions"}],"wp:attachment":[{"href":"https:\/\/www.fringuello.eu\/de\/wp-json\/wp\/v2\/media?parent=7290"}],"curies":[{"name":"wp","href":"https:\/\/api.w.org\/{rel}","templated":true}]}}