{"id":7307,"date":"2020-10-28T13:28:33","date_gmt":"2020-10-28T13:28:33","guid":{"rendered":"https:\/\/www.fringuello.eu\/il-nostro-olio\/"},"modified":"2021-01-29T11:37:10","modified_gmt":"2021-01-29T11:37:10","slug":"das-olivenoel","status":"publish","type":"page","link":"https:\/\/www.fringuello.eu\/de\/das-olivenoel\/","title":{"rendered":"Das Oliven\u00f6l"},"content":{"rendered":"\t\t<div data-elementor-type=\"wp-page\" data-elementor-id=\"7307\" class=\"elementor elementor-7307 elementor-5022\" data-elementor-post-type=\"page\">\n\t\t\t\t\t\t<section class=\"elementor-section elementor-top-section elementor-element elementor-element-3a55e91 elementor-section-boxed elementor-section-height-default elementor-section-height-default qodef-elementor-content-no\" data-id=\"3a55e91\" data-element_type=\"section\" data-settings=\"{&quot;background_background&quot;:&quot;classic&quot;}\">\n\t\t\t\t\t\t<div class=\"elementor-container elementor-column-gap-no\">\n\t\t\t\t\t<div class=\"elementor-column elementor-col-50 elementor-top-column elementor-element elementor-element-f141e8e\" data-id=\"f141e8e\" data-element_type=\"column\" data-settings=\"{&quot;background_background&quot;:&quot;classic&quot;}\">\n\t\t\t<div class=\"elementor-widget-wrap elementor-element-populated\">\n\t\t\t\t\t\t<div class=\"elementor-element elementor-element-12674e6 elementor-widget elementor-widget-alloggio_core_section_title\" data-id=\"12674e6\" data-element_type=\"widget\" data-widget_type=\"alloggio_core_section_title.default\">\n\t\t\t\t<div class=\"elementor-widget-container\">\n\t\t\t\t\t<div class=\"qodef-shortcode qodef-m  qodef-section-title qodef-alignment--center\">\n\t\t<h2 class=\"qodef-m-title\" style=\"color: #79605C\">\n\t\t\t\t\tDAS OLIVEN\u00d6L\t\t\t<\/h2>\n\t<\/div>\t\t\t\t<\/div>\n\t\t\t\t<\/div>\n\t\t\t\t\t<\/div>\n\t\t<\/div>\n\t\t\t\t<div class=\"elementor-column elementor-col-50 elementor-top-column elementor-element elementor-element-fb1ce71 elementor-hidden-tablet elementor-hidden-phone\" data-id=\"fb1ce71\" data-element_type=\"column\" data-settings=\"{&quot;background_background&quot;:&quot;classic&quot;}\">\n\t\t\t<div class=\"elementor-widget-wrap\">\n\t\t\t\t\t\t\t<\/div>\n\t\t<\/div>\n\t\t\t\t\t<\/div>\n\t\t<\/section>\n\t\t\t\t<section class=\"elementor-section elementor-top-section elementor-element elementor-element-d939a5e elementor-section-full_width elementor-section-height-default elementor-section-height-default qodef-elementor-content-no\" data-id=\"d939a5e\" data-element_type=\"section\">\n\t\t\t\t\t\t<div class=\"elementor-container elementor-column-gap-no\">\n\t\t\t\t\t<div class=\"elementor-column elementor-col-50 elementor-top-column elementor-element elementor-element-78720b5\" data-id=\"78720b5\" data-element_type=\"column\" data-settings=\"{&quot;background_background&quot;:&quot;classic&quot;}\">\n\t\t\t<div class=\"elementor-widget-wrap elementor-element-populated\">\n\t\t\t\t\t\t<div class=\"elementor-element elementor-element-011ced4 elementor-widget elementor-widget-alloggio_core_section_title\" data-id=\"011ced4\" data-element_type=\"widget\" data-widget_type=\"alloggio_core_section_title.default\">\n\t\t\t\t<div class=\"elementor-widget-container\">\n\t\t\t\t\t<div class=\"qodef-shortcode qodef-m  qodef-section-title qodef-alignment--left\">\n\t\t<h2 class=\"qodef-m-title\" >\n\t\t\t\t\tDer landwirtschaftlicher Betrieb\t\t\t<\/h2>\n\t<\/div>\t\t\t\t<\/div>\n\t\t\t\t<\/div>\n\t\t\t\t<div class=\"elementor-element elementor-element-d9167f4 elementor-widget elementor-widget-text-editor\" data-id=\"d9167f4\" data-element_type=\"widget\" data-widget_type=\"text-editor.default\">\n\t\t\t\t<div class=\"elementor-widget-container\">\n\t\t\t\t\t\t\t\t\t<p><span data-sheets-value=\"{&quot;1&quot;:2,&quot;2&quot;:&quot;Mit dem Herbst kommt die arbeitsreichste Zeit des Jahres. Die Fr\u00fcchte an den Olivenb\u00e4umen sind nun reif, sie werden nun gepfl\u00fcckt und gesammelt, um sie nach nach alten Regeln zu pressen. Die Familie und das Ernteteam kommen zusammen, um die Netze auszubreiten und auf B\u00e4ume zu klettern.&quot;}\" data-sheets-userformat=\"{&quot;2&quot;:897,&quot;3&quot;:{&quot;1&quot;:0},&quot;10&quot;:0,&quot;11&quot;:4,&quot;12&quot;:0}\">Mit dem Herbst kommt die arbeitsreichste Zeit des Jahres. Die Fr\u00fcchte an den Olivenb\u00e4umen sind nun reif, sie werden nun gepfl\u00fcckt und gesammelt, um sie nach nach alten Regeln zu pressen. Die Familie und das Ernteteam kommen zusammen, um die Netze auszubreiten und auf B\u00e4ume zu klettern.<\/span><\/p>\t\t\t\t\t\t\t\t<\/div>\n\t\t\t\t<\/div>\n\t\t\t\t\t<\/div>\n\t\t<\/div>\n\t\t\t\t<div class=\"elementor-column elementor-col-50 elementor-top-column elementor-element elementor-element-18c65cc\" data-id=\"18c65cc\" data-element_type=\"column\">\n\t\t\t<div class=\"elementor-widget-wrap elementor-element-populated\">\n\t\t\t\t\t\t<div class=\"elementor-element elementor-element-61abbac elementor-widget elementor-widget-image\" data-id=\"61abbac\" data-element_type=\"widget\" data-widget_type=\"image.default\">\n\t\t\t\t<div class=\"elementor-widget-container\">\n\t\t\t\t\t\t\t\t\t\t\t\t\t\t\t<img fetchpriority=\"high\" decoding=\"async\" width=\"1024\" height=\"683\" src=\"https:\/\/www.fringuello.eu\/wp-content\/uploads\/2020\/10\/olio_toscana_fringuello_2.jpg\" class=\"attachment-large size-large wp-image-6957\" alt=\"\" srcset=\"https:\/\/www.fringuello.eu\/wp-content\/uploads\/2020\/10\/olio_toscana_fringuello_2.jpg 1024w, https:\/\/www.fringuello.eu\/wp-content\/uploads\/2020\/10\/olio_toscana_fringuello_2-300x200.jpg 300w, https:\/\/www.fringuello.eu\/wp-content\/uploads\/2020\/10\/olio_toscana_fringuello_2-768x512.jpg 768w\" sizes=\"(max-width: 1024px) 100vw, 1024px\" \/>\t\t\t\t\t\t\t\t\t\t\t\t\t\t\t<\/div>\n\t\t\t\t<\/div>\n\t\t\t\t\t<\/div>\n\t\t<\/div>\n\t\t\t\t\t<\/div>\n\t\t<\/section>\n\t\t\t\t<section class=\"elementor-section elementor-top-section elementor-element elementor-element-766aabf elementor-section-full_width elementor-section-height-default elementor-section-height-default qodef-elementor-content-no\" data-id=\"766aabf\" data-element_type=\"section\">\n\t\t\t\t\t\t<div class=\"elementor-container elementor-column-gap-no\">\n\t\t\t\t\t<div class=\"elementor-column elementor-col-33 elementor-top-column elementor-element elementor-element-8f5ba3f\" data-id=\"8f5ba3f\" data-element_type=\"column\" data-settings=\"{&quot;background_background&quot;:&quot;classic&quot;}\">\n\t\t\t<div class=\"elementor-widget-wrap elementor-element-populated\">\n\t\t\t\t\t\t<div class=\"elementor-element elementor-element-e991c02 elementor-widget elementor-widget-alloggio_core_section_title\" data-id=\"e991c02\" data-element_type=\"widget\" data-widget_type=\"alloggio_core_section_title.default\">\n\t\t\t\t<div class=\"elementor-widget-container\">\n\t\t\t\t\t<div class=\"qodef-shortcode qodef-m  qodef-section-title qodef-alignment--left\">\n\t\t<h2 class=\"qodef-m-title\" >\n\t\t\t\t\tOlivenernte\t\t\t<\/h2>\n\t<\/div>\t\t\t\t<\/div>\n\t\t\t\t<\/div>\n\t\t\t\t<div class=\"elementor-element elementor-element-c0947b6 elementor-widget elementor-widget-text-editor\" data-id=\"c0947b6\" data-element_type=\"widget\" data-widget_type=\"text-editor.default\">\n\t\t\t\t<div class=\"elementor-widget-container\">\n\t\t\t\t\t\t\t\t\t<p>Bei der Olivenernte im Team sind Helfer sehr willkommen. Wenn Sie interessiert sind, schreiben Sie uns eine Mail.<\/p>\t\t\t\t\t\t\t\t<\/div>\n\t\t\t\t<\/div>\n\t\t\t\t<div class=\"elementor-element elementor-element-0f5a454 elementor-widget elementor-widget-alloggio_core_button\" data-id=\"0f5a454\" data-element_type=\"widget\" data-widget_type=\"alloggio_core_button.default\">\n\t\t\t\t<div class=\"elementor-widget-container\">\n\t\t\t\t\t<a class=\"qodef-shortcode qodef-m  qodef-button qodef-layout--textual  qodef-html--link\" href=\"https:\/\/www.fringuello.eu\/de\/kontakt\/\" target=\"_self\"  style=\"margin: 0px 0px 0px 0px\">\n\t<span class=\"qodef-m-text\">SAMMELN SIE OLIVEN MIT UNS<\/span>\n\t<span class=\"qodef-m-plus\"><\/span>\n<\/a>\t\t\t\t<\/div>\n\t\t\t\t<\/div>\n\t\t\t\t\t<\/div>\n\t\t<\/div>\n\t\t\t\t<div class=\"elementor-column elementor-col-66 elementor-top-column elementor-element elementor-element-5ab6807\" data-id=\"5ab6807\" data-element_type=\"column\" data-settings=\"{&quot;background_background&quot;:&quot;classic&quot;}\">\n\t\t\t<div class=\"elementor-widget-wrap elementor-element-populated\">\n\t\t\t\t\t\t<div class=\"elementor-element elementor-element-fe9fda9 elementor-widget elementor-widget-image\" data-id=\"fe9fda9\" data-element_type=\"widget\" data-widget_type=\"image.default\">\n\t\t\t\t<div class=\"elementor-widget-container\">\n\t\t\t\t\t\t\t\t\t\t\t\t\t\t\t<img decoding=\"async\" width=\"1024\" height=\"683\" src=\"https:\/\/www.fringuello.eu\/wp-content\/uploads\/2020\/10\/olio_toscana_fringuello_3.jpg\" class=\"attachment-full size-full wp-image-6959\" alt=\"\" srcset=\"https:\/\/www.fringuello.eu\/wp-content\/uploads\/2020\/10\/olio_toscana_fringuello_3.jpg 1024w, https:\/\/www.fringuello.eu\/wp-content\/uploads\/2020\/10\/olio_toscana_fringuello_3-300x200.jpg 300w, https:\/\/www.fringuello.eu\/wp-content\/uploads\/2020\/10\/olio_toscana_fringuello_3-768x512.jpg 768w\" sizes=\"(max-width: 1024px) 100vw, 1024px\" \/>\t\t\t\t\t\t\t\t\t\t\t\t\t\t\t<\/div>\n\t\t\t\t<\/div>\n\t\t\t\t\t<\/div>\n\t\t<\/div>\n\t\t\t\t\t<\/div>\n\t\t<\/section>\n\t\t\t\t<section class=\"elementor-section elementor-top-section elementor-element elementor-element-caf3ef2 elementor-section-full_width elementor-section-height-default elementor-section-height-default qodef-elementor-content-no\" data-id=\"caf3ef2\" data-element_type=\"section\">\n\t\t\t\t\t\t<div class=\"elementor-container elementor-column-gap-default\">\n\t\t\t\t\t<div class=\"elementor-column elementor-col-100 elementor-top-column elementor-element elementor-element-849f9ea\" data-id=\"849f9ea\" data-element_type=\"column\">\n\t\t\t<div class=\"elementor-widget-wrap elementor-element-populated\">\n\t\t\t\t\t\t<div class=\"elementor-element elementor-element-a78e7dd elementor-widget elementor-widget-text-editor\" data-id=\"a78e7dd\" data-element_type=\"widget\" data-widget_type=\"text-editor.default\">\n\t\t\t\t<div class=\"elementor-widget-container\">\n\t\t\t\t\t\t\t\t\t<h1>OLIVEN\u00d6L FRINGUELLO<\/h1><p>Bei der Kaltpressung werden die ern\u00e4hrungsphysiologisch und geschmacklichen Eigenschaften des nativen Oliven\u00f6ls bewahrt, seine wertvollen Eigenschaften kommen dabei noch st\u00e4rker zur Geltung. Das \u00d6l ist von ausgezeichneter Qualit\u00e4t, reich an Polyphenolen, antioxidativen Eigenschaften, Vitaminen und anderen f\u00fcr die Gesunheit wertvollen Inhaltsstoffen. Das Oliven\u00f6l von Fringuello hat einen frischen Kr\u00e4uterduft, einen intensiven und harmonischen Geschmack, begleitet von einer angenehmen Gew\u00fcrznote. Er eignet sich hervorragend als Zutat f\u00fcr gegrilltes Fleisch, Salzkartoffeln, Bohnen, gekochtes oder gegrilltes Gem\u00fcse, Fisch, aber auch in Salaten und auf einer guten Bruschetta.<\/p>\t\t\t\t\t\t\t\t<\/div>\n\t\t\t\t<\/div>\n\t\t\t\t\t<\/div>\n\t\t<\/div>\n\t\t\t\t\t<\/div>\n\t\t<\/section>\n\t\t\t\t<section class=\"elementor-section elementor-top-section elementor-element elementor-element-3bda45f elementor-section-full_width elementor-section-height-default elementor-section-height-default qodef-elementor-content-no\" data-id=\"3bda45f\" data-element_type=\"section\">\n\t\t\t\t\t\t<div class=\"elementor-container elementor-column-gap-no\">\n\t\t\t\t\t<div class=\"elementor-column elementor-col-33 elementor-top-column elementor-element elementor-element-0a40062\" data-id=\"0a40062\" data-element_type=\"column\" data-settings=\"{&quot;background_background&quot;:&quot;classic&quot;}\">\n\t\t\t<div class=\"elementor-widget-wrap elementor-element-populated\">\n\t\t\t\t\t\t<div class=\"elementor-element elementor-element-3d52ec1 elementor-widget elementor-widget-alloggio_core_section_title\" data-id=\"3d52ec1\" data-element_type=\"widget\" data-widget_type=\"alloggio_core_section_title.default\">\n\t\t\t\t<div class=\"elementor-widget-container\">\n\t\t\t\t\t<div class=\"qodef-shortcode qodef-m  qodef-section-title qodef-alignment--left\">\n\t\t<h2 class=\"qodef-m-title\" >\n\t\t\t\t\tOLIVEN\u00d6L FRINGUELLO\t\t\t<\/h2>\n\t\t<p class=\"qodef-m-text\" style=\"margin-top: 10px;color: #313131\">Sie k\u00f6nnen unser \u00d6l auch online kaufen.<\/p>\n<\/div>\t\t\t\t<\/div>\n\t\t\t\t<\/div>\n\t\t\t\t<div class=\"elementor-element elementor-element-3b28d33 elementor-widget elementor-widget-button\" data-id=\"3b28d33\" data-element_type=\"widget\" data-widget_type=\"button.default\">\n\t\t\t\t<div class=\"elementor-widget-container\">\n\t\t\t\t\t\t\t\t\t<div class=\"elementor-button-wrapper\">\n\t\t\t\t\t<a class=\"elementor-button elementor-button-link elementor-size-xs\" href=\"https:\/\/www.fringuello.eu\/de\/kontakt\/\">\n\t\t\t\t\t\t<span class=\"elementor-button-content-wrapper\">\n\t\t\t\t\t\t<span class=\"elementor-button-icon\">\n\t\t\t\t<i aria-hidden=\"true\" class=\"fas fa-wine-bottle\"><\/i>\t\t\t<\/span>\n\t\t\t\t\t\t\t\t\t<span class=\"elementor-button-text\">BESTELLEN SIE ES HIER<\/span>\n\t\t\t\t\t<\/span>\n\t\t\t\t\t<\/a>\n\t\t\t\t<\/div>\n\t\t\t\t\t\t\t\t<\/div>\n\t\t\t\t<\/div>\n\t\t\t\t\t<\/div>\n\t\t<\/div>\n\t\t\t\t<div class=\"elementor-column elementor-col-66 elementor-top-column elementor-element elementor-element-05c4fc6\" data-id=\"05c4fc6\" data-element_type=\"column\">\n\t\t\t<div class=\"elementor-widget-wrap elementor-element-populated\">\n\t\t\t\t\t\t<div class=\"elementor-element elementor-element-426624f elementor-widget elementor-widget-image\" data-id=\"426624f\" data-element_type=\"widget\" data-widget_type=\"image.default\">\n\t\t\t\t<div class=\"elementor-widget-container\">\n\t\t\t\t\t\t\t\t\t\t\t\t\t\t\t<img decoding=\"async\" width=\"1920\" height=\"1281\" src=\"https:\/\/www.fringuello.eu\/wp-content\/uploads\/2020\/10\/olio_toscana_fringuello_4.jpg\" class=\"attachment-full size-full wp-image-6977\" alt=\"\" srcset=\"https:\/\/www.fringuello.eu\/wp-content\/uploads\/2020\/10\/olio_toscana_fringuello_4.jpg 1920w, https:\/\/www.fringuello.eu\/wp-content\/uploads\/2020\/10\/olio_toscana_fringuello_4-300x200.jpg 300w, https:\/\/www.fringuello.eu\/wp-content\/uploads\/2020\/10\/olio_toscana_fringuello_4-1024x683.jpg 1024w, https:\/\/www.fringuello.eu\/wp-content\/uploads\/2020\/10\/olio_toscana_fringuello_4-768x512.jpg 768w, https:\/\/www.fringuello.eu\/wp-content\/uploads\/2020\/10\/olio_toscana_fringuello_4-1536x1025.jpg 1536w\" sizes=\"(max-width: 1920px) 100vw, 1920px\" \/>\t\t\t\t\t\t\t\t\t\t\t\t\t\t\t<\/div>\n\t\t\t\t<\/div>\n\t\t\t\t\t<\/div>\n\t\t<\/div>\n\t\t\t\t\t<\/div>\n\t\t<\/section>\n\t\t\t\t<\/div>\n\t\t","protected":false},"excerpt":{"rendered":"<p>DAS OLIVEN\u00d6L Der landwirtschaftlicher Betrieb Mit dem Herbst kommt die arbeitsreichste Zeit des Jahres. Die Fr\u00fcchte an den Olivenb\u00e4umen sind nun reif, sie werden nun gepfl\u00fcckt und gesammelt, um sie nach nach alten Regeln zu pressen. Die Familie und das Ernteteam kommen zusammen, um die Netze auszubreiten und auf B\u00e4ume zu klettern. Olivenernte Bei der [&hellip;]<\/p>\n","protected":false},"author":1,"featured_media":0,"parent":0,"menu_order":0,"comment_status":"closed","ping_status":"closed","template":"","meta":{"footnotes":""},"class_list":["post-7307","page","type-page","status-publish","hentry"],"aioseo_notices":[],"_links":{"self":[{"href":"https:\/\/www.fringuello.eu\/de\/wp-json\/wp\/v2\/pages\/7307","targetHints":{"allow":["GET"]}}],"collection":[{"href":"https:\/\/www.fringuello.eu\/de\/wp-json\/wp\/v2\/pages"}],"about":[{"href":"https:\/\/www.fringuello.eu\/de\/wp-json\/wp\/v2\/types\/page"}],"author":[{"embeddable":true,"href":"https:\/\/www.fringuello.eu\/de\/wp-json\/wp\/v2\/users\/1"}],"replies":[{"embeddable":true,"href":"https:\/\/www.fringuello.eu\/de\/wp-json\/wp\/v2\/comments?post=7307"}],"version-history":[{"count":0,"href":"https:\/\/www.fringuello.eu\/de\/wp-json\/wp\/v2\/pages\/7307\/revisions"}],"wp:attachment":[{"href":"https:\/\/www.fringuello.eu\/de\/wp-json\/wp\/v2\/media?parent=7307"}],"curies":[{"name":"wp","href":"https:\/\/api.w.org\/{rel}","templated":true}]}}