{"id":8464,"date":"2021-12-06T11:14:55","date_gmt":"2021-12-06T11:14:55","guid":{"rendered":"https:\/\/www.fringuello.eu\/eventi\/"},"modified":"2022-02-04T17:21:45","modified_gmt":"2022-02-04T17:21:45","slug":"veranstaltungen","status":"publish","type":"page","link":"https:\/\/www.fringuello.eu\/de\/veranstaltungen\/","title":{"rendered":"VERANSTALTUNGEN"},"content":{"rendered":"\t\t<div data-elementor-type=\"wp-page\" data-elementor-id=\"8464\" class=\"elementor elementor-8464 elementor-8441\" data-elementor-post-type=\"page\">\n\t\t\t\t\t\t<section class=\"elementor-section elementor-top-section elementor-element elementor-element-60bd2a2 elementor-section-boxed elementor-section-height-default elementor-section-height-default qodef-elementor-content-no\" data-id=\"60bd2a2\" data-element_type=\"section\" data-settings=\"{&quot;background_background&quot;:&quot;classic&quot;}\">\n\t\t\t\t\t\t<div class=\"elementor-container elementor-column-gap-default\">\n\t\t\t\t\t<div class=\"elementor-column elementor-col-100 elementor-top-column elementor-element elementor-element-4a81b0b\" data-id=\"4a81b0b\" data-element_type=\"column\">\n\t\t\t<div class=\"elementor-widget-wrap elementor-element-populated\">\n\t\t\t\t\t\t<div class=\"elementor-element elementor-element-d70bbbf elementor-widget elementor-widget-text-editor\" data-id=\"d70bbbf\" data-element_type=\"widget\" data-widget_type=\"text-editor.default\">\n\t\t\t\t<div class=\"elementor-widget-container\">\n\t\t\t\t\t\t\t\t\t<h2 style=\"text-align: left;\">Veranstaltungen<\/h2>\t\t\t\t\t\t\t\t<\/div>\n\t\t\t\t<\/div>\n\t\t\t\t\t<\/div>\n\t\t<\/div>\n\t\t\t\t\t<\/div>\n\t\t<\/section>\n\t\t\t\t<section class=\"elementor-section elementor-top-section elementor-element elementor-element-de2fbd4 elementor-section-boxed elementor-section-height-default elementor-section-height-default qodef-elementor-content-no\" data-id=\"de2fbd4\" data-element_type=\"section\">\n\t\t\t\t\t\t<div class=\"elementor-container elementor-column-gap-default\">\n\t\t\t\t\t<div class=\"elementor-column elementor-col-66 elementor-top-column elementor-element elementor-element-35cbddb\" data-id=\"35cbddb\" data-element_type=\"column\">\n\t\t\t<div class=\"elementor-widget-wrap elementor-element-populated\">\n\t\t\t\t\t\t<div class=\"elementor-element elementor-element-5f4c8a5 elementor-grid-2 elementor-grid-tablet-2 elementor-grid-mobile-1 elementor-posts--thumbnail-top elementor-posts--show-avatar elementor-card-shadow-yes elementor-posts__hover-gradient elementor-widget elementor-widget-posts\" data-id=\"5f4c8a5\" data-element_type=\"widget\" data-settings=\"{&quot;cards_columns&quot;:&quot;2&quot;,&quot;cards_columns_tablet&quot;:&quot;2&quot;,&quot;cards_columns_mobile&quot;:&quot;1&quot;,&quot;cards_row_gap&quot;:{&quot;unit&quot;:&quot;px&quot;,&quot;size&quot;:35,&quot;sizes&quot;:[]},&quot;cards_row_gap_tablet&quot;:{&quot;unit&quot;:&quot;px&quot;,&quot;size&quot;:&quot;&quot;,&quot;sizes&quot;:[]},&quot;cards_row_gap_mobile&quot;:{&quot;unit&quot;:&quot;px&quot;,&quot;size&quot;:&quot;&quot;,&quot;sizes&quot;:[]}}\" data-widget_type=\"posts.cards\">\n\t\t\t\t<div class=\"elementor-widget-container\">\n\t\t\t\t\t\t\t<div class=\"elementor-posts-container elementor-posts elementor-posts--skin-cards elementor-grid\" role=\"list\">\n\t\t\t\t<article class=\"elementor-post elementor-grid-item post-8962 post type-post status-publish format-standard has-post-thumbnail hentry category-natur\" role=\"listitem\">\n\t\t\t<div class=\"elementor-post__card\">\n\t\t\t\t<a class=\"elementor-post__thumbnail__link\" href=\"https:\/\/www.fringuello.eu\/de\/heiraten-im-fringuello\/\" tabindex=\"-1\" ><div class=\"elementor-post__thumbnail\"><img fetchpriority=\"high\" decoding=\"async\" width=\"300\" height=\"225\" src=\"https:\/\/www.fringuello.eu\/wp-content\/uploads\/2022\/09\/nozze-al-fringuello-300x225.jpeg\" class=\"attachment-medium size-medium wp-image-8930\" alt=\"\" srcset=\"https:\/\/www.fringuello.eu\/wp-content\/uploads\/2022\/09\/nozze-al-fringuello-300x225.jpeg 300w, https:\/\/www.fringuello.eu\/wp-content\/uploads\/2022\/09\/nozze-al-fringuello-1024x768.jpeg 1024w, https:\/\/www.fringuello.eu\/wp-content\/uploads\/2022\/09\/nozze-al-fringuello-768x576.jpeg 768w, https:\/\/www.fringuello.eu\/wp-content\/uploads\/2022\/09\/nozze-al-fringuello-1536x1152.jpeg 1536w, https:\/\/www.fringuello.eu\/wp-content\/uploads\/2022\/09\/nozze-al-fringuello-2048x1536.jpeg 2048w\" sizes=\"(max-width: 300px) 100vw, 300px\" \/><\/div><\/a>\n\t\t\t\t<div class=\"elementor-post__avatar\">\n\t\t\t\t\t<\/div>\n\t\t\t\t<div class=\"elementor-post__text\">\n\t\t\t\t<h3 class=\"elementor-post__title\">\n\t\t\t<a href=\"https:\/\/www.fringuello.eu\/de\/heiraten-im-fringuello\/\" >\n\t\t\t\tHeiraten im Fringuello\t\t\t<\/a>\n\t\t<\/h3>\n\t\t\t\t<div class=\"elementor-post__excerpt\">\n\t\t\t<p>&#8222;Casa comunale&#8220; F\u00fcr Eheschlie\u00dfungen und standesamtliche Trauungen in der Gemeinde Cortona ist der Agritourismus Fringuello einer der Orte, die gem\u00e4\u00df den Verordnungen \u00fcber Eheschlie\u00dfungen und<\/p>\n\t\t<\/div>\n\t\t\n\t\t<a class=\"elementor-post__read-more\" href=\"https:\/\/www.fringuello.eu\/de\/heiraten-im-fringuello\/\" aria-label=\"Mehr \u00fcber Heiraten im Fringuello\" tabindex=\"-1\" >\n\t\t\tWeiterlesen  \u00bb\t\t<\/a>\n\n\t\t\t\t<\/div>\n\t\t\t\t<div class=\"elementor-post__meta-data\">\n\t\t\t\t\t<span class=\"elementor-post-date\">\n\t\t\t01\/09\/2022\t\t<\/span>\n\t\t\t\t<\/div>\n\t\t\t\t\t<\/div>\n\t\t<\/article>\n\t\t\t\t<article class=\"elementor-post elementor-grid-item post-8842 post type-post status-publish format-standard has-post-thumbnail hentry category-natur category-wandern category-wellness-3 tag-gesundheit tag-natur\" role=\"listitem\">\n\t\t\t<div class=\"elementor-post__card\">\n\t\t\t\t<a class=\"elementor-post__thumbnail__link\" href=\"https:\/\/www.fringuello.eu\/de\/wandern-und-wellnesswoche\/\" tabindex=\"-1\" ><div class=\"elementor-post__thumbnail\"><img decoding=\"async\" width=\"300\" height=\"146\" src=\"https:\/\/www.fringuello.eu\/wp-content\/uploads\/2022\/08\/paesaggio-toscana-300x146.jpeg\" class=\"attachment-medium size-medium wp-image-8773\" alt=\"\" srcset=\"https:\/\/www.fringuello.eu\/wp-content\/uploads\/2022\/08\/paesaggio-toscana-300x146.jpeg 300w, https:\/\/www.fringuello.eu\/wp-content\/uploads\/2022\/08\/paesaggio-toscana-1024x498.jpeg 1024w, https:\/\/www.fringuello.eu\/wp-content\/uploads\/2022\/08\/paesaggio-toscana-768x373.jpeg 768w, https:\/\/www.fringuello.eu\/wp-content\/uploads\/2022\/08\/paesaggio-toscana-1536x747.jpeg 1536w, https:\/\/www.fringuello.eu\/wp-content\/uploads\/2022\/08\/paesaggio-toscana-2048x996.jpeg 2048w\" sizes=\"(max-width: 300px) 100vw, 300px\" \/><\/div><\/a>\n\t\t\t\t<div class=\"elementor-post__avatar\">\n\t\t\t\t\t<\/div>\n\t\t\t\t<div class=\"elementor-post__text\">\n\t\t\t\t<h3 class=\"elementor-post__title\">\n\t\t\t<a href=\"https:\/\/www.fringuello.eu\/de\/wandern-und-wellnesswoche\/\" >\n\t\t\t\tWandern und Wellnesswoche\t\t\t<\/a>\n\t\t<\/h3>\n\t\t\t\t<div class=\"elementor-post__excerpt\">\n\t\t\t<p>7. &#8211; 14. Oktober 2023 Dieses Programm richtet sich an Naturliebhaber jeden Alters und aus allen L\u00e4ndern. Kleine Gruppen und Einzelreisende sind willkommen. Die Wanderungen<\/p>\n\t\t<\/div>\n\t\t\n\t\t<a class=\"elementor-post__read-more\" href=\"https:\/\/www.fringuello.eu\/de\/wandern-und-wellnesswoche\/\" aria-label=\"Mehr \u00fcber Wandern und Wellnesswoche\" tabindex=\"-1\" >\n\t\t\tWeiterlesen  \u00bb\t\t<\/a>\n\n\t\t\t\t<\/div>\n\t\t\t\t<div class=\"elementor-post__meta-data\">\n\t\t\t\t\t<span class=\"elementor-post-date\">\n\t\t\t09\/08\/2022\t\t<\/span>\n\t\t\t\t<\/div>\n\t\t\t\t\t<\/div>\n\t\t<\/article>\n\t\t\t\t<article class=\"elementor-post elementor-grid-item post-8417 post type-post status-publish format-standard has-post-thumbnail hentry category-natur\" role=\"listitem\">\n\t\t\t<div class=\"elementor-post__card\">\n\t\t\t\t<a class=\"elementor-post__thumbnail__link\" href=\"https:\/\/www.fringuello.eu\/de\/keramikworkshop-mit-karen-swami-energie-der-erde\/\" tabindex=\"-1\" ><div class=\"elementor-post__thumbnail\"><img decoding=\"async\" width=\"300\" height=\"173\" src=\"https:\/\/www.fringuello.eu\/wp-content\/uploads\/2021\/12\/Karen-Swami-300x173.jpg\" class=\"attachment-medium size-medium wp-image-8171\" alt=\"\" srcset=\"https:\/\/www.fringuello.eu\/wp-content\/uploads\/2021\/12\/Karen-Swami-300x173.jpg 300w, https:\/\/www.fringuello.eu\/wp-content\/uploads\/2021\/12\/Karen-Swami-1024x590.jpg 1024w, https:\/\/www.fringuello.eu\/wp-content\/uploads\/2021\/12\/Karen-Swami-768x442.jpg 768w, https:\/\/www.fringuello.eu\/wp-content\/uploads\/2021\/12\/Karen-Swami-1536x885.jpg 1536w, https:\/\/www.fringuello.eu\/wp-content\/uploads\/2021\/12\/Karen-Swami-2048x1180.jpg 2048w\" sizes=\"(max-width: 300px) 100vw, 300px\" \/><\/div><\/a>\n\t\t\t\t<div class=\"elementor-post__avatar\">\n\t\t\t\t\t<\/div>\n\t\t\t\t<div class=\"elementor-post__text\">\n\t\t\t\t<h3 class=\"elementor-post__title\">\n\t\t\t<a href=\"https:\/\/www.fringuello.eu\/de\/keramikworkshop-mit-karen-swami-energie-der-erde\/\" >\n\t\t\t\tKeramikworkshop mit Karen Swami &#8211; Energie der Erde\t\t\t<\/a>\n\t\t<\/h3>\n\t\t\t\t<div class=\"elementor-post__excerpt\">\n\t\t\t<p>Herbst 2022 Wir freuen uns, eine einzigartige Erfahrung anbieten zu k\u00f6nnen: eine Woche intensive Arbeit mit der K\u00fcnstlerin Karen Swami. Der Workshop findet im Herbst<\/p>\n\t\t<\/div>\n\t\t\n\t\t<a class=\"elementor-post__read-more\" href=\"https:\/\/www.fringuello.eu\/de\/keramikworkshop-mit-karen-swami-energie-der-erde\/\" aria-label=\"Mehr \u00fcber Keramikworkshop mit Karen Swami &#8211; Energie der Erde\" tabindex=\"-1\" >\n\t\t\tWeiterlesen  \u00bb\t\t<\/a>\n\n\t\t\t\t<\/div>\n\t\t\t\t<div class=\"elementor-post__meta-data\">\n\t\t\t\t\t<span class=\"elementor-post-date\">\n\t\t\t27\/01\/2022\t\t<\/span>\n\t\t\t\t<\/div>\n\t\t\t\t\t<\/div>\n\t\t<\/article>\n\t\t\t\t<article class=\"elementor-post elementor-grid-item post-8374 post type-post status-publish format-standard has-post-thumbnail hentry category-yoga tag-gesundheit tag-meditation-de tag-wellness-de tag-yoga-de\" role=\"listitem\">\n\t\t\t<div class=\"elementor-post__card\">\n\t\t\t\t<a class=\"elementor-post__thumbnail__link\" href=\"https:\/\/www.fringuello.eu\/de\/mahashanti-yoga\/\" tabindex=\"-1\" ><div class=\"elementor-post__thumbnail\"><img loading=\"lazy\" decoding=\"async\" width=\"300\" height=\"225\" src=\"https:\/\/www.fringuello.eu\/wp-content\/uploads\/2021\/12\/Image-25-300x225.jpg\" class=\"attachment-medium size-medium wp-image-8255\" alt=\"\" srcset=\"https:\/\/www.fringuello.eu\/wp-content\/uploads\/2021\/12\/Image-25-300x225.jpg 300w, https:\/\/www.fringuello.eu\/wp-content\/uploads\/2021\/12\/Image-25-1024x768.jpg 1024w, https:\/\/www.fringuello.eu\/wp-content\/uploads\/2021\/12\/Image-25-768x576.jpg 768w, https:\/\/www.fringuello.eu\/wp-content\/uploads\/2021\/12\/Image-25-1536x1152.jpg 1536w, https:\/\/www.fringuello.eu\/wp-content\/uploads\/2021\/12\/Image-25-2048x1536.jpg 2048w\" sizes=\"(max-width: 300px) 100vw, 300px\" \/><\/div><\/a>\n\t\t\t\t<div class=\"elementor-post__avatar\">\n\t\t\t\t\t<\/div>\n\t\t\t\t<div class=\"elementor-post__text\">\n\t\t\t\t<h3 class=\"elementor-post__title\">\n\t\t\t<a href=\"https:\/\/www.fringuello.eu\/de\/mahashanti-yoga\/\" >\n\t\t\t\tRETREAT MIT MAHA SHANTI YOGA\t\t\t<\/a>\n\t\t<\/h3>\n\t\t\t\t<div class=\"elementor-post__excerpt\">\n\t\t\t<p>4. &#8211; 11. Juni 2022 Ein Yoga-Retreat ist genau das, was der Name schon sagt: Es ist ein Aufenthalt fernab von zu Hause, der uns<\/p>\n\t\t<\/div>\n\t\t\n\t\t<a class=\"elementor-post__read-more\" href=\"https:\/\/www.fringuello.eu\/de\/mahashanti-yoga\/\" aria-label=\"Mehr \u00fcber RETREAT MIT MAHA SHANTI YOGA\" tabindex=\"-1\" >\n\t\t\tWeiterlesen  \u00bb\t\t<\/a>\n\n\t\t\t\t<\/div>\n\t\t\t\t<div class=\"elementor-post__meta-data\">\n\t\t\t\t\t<span class=\"elementor-post-date\">\n\t\t\t04\/12\/2021\t\t<\/span>\n\t\t\t\t<\/div>\n\t\t\t\t\t<\/div>\n\t\t<\/article>\n\t\t\t\t<\/div>\n\t\t\n\t\t\t\t\t\t<\/div>\n\t\t\t\t<\/div>\n\t\t\t\t\t<\/div>\n\t\t<\/div>\n\t\t\t\t<div class=\"elementor-column elementor-col-33 elementor-top-column elementor-element elementor-element-4100855\" data-id=\"4100855\" data-element_type=\"column\">\n\t\t\t<div class=\"elementor-widget-wrap elementor-element-populated\">\n\t\t\t\t\t\t<div class=\"elementor-element elementor-element-3221cb5 esidebar elementor-widget elementor-widget-sidebar\" data-id=\"3221cb5\" data-element_type=\"widget\" data-widget_type=\"sidebar.default\">\n\t\t\t\t<div class=\"elementor-widget-container\">\n\t\t\t\t\t<div id=\"categories-4\" class=\"widget widget_categories\" data-area=\"main-sidebar\"><h4 class=\"qodef-widget-title\">erlebe<\/h4>\n\t\t\t<ul>\n\t\t\t\t\t<li class=\"cat-item cat-item-102\"><a href=\"https:\/\/www.fringuello.eu\/de\/category\/natur\/\">Natur<\/a>\n<\/li>\n\t<li class=\"cat-item cat-item-178\"><a href=\"https:\/\/www.fringuello.eu\/de\/category\/wandern\/\">WANDERN<\/a>\n<\/li>\n\t<li class=\"cat-item cat-item-179\"><a href=\"https:\/\/www.fringuello.eu\/de\/category\/wellness-3\/\">WELLNESS<\/a>\n<\/li>\n\t<li class=\"cat-item cat-item-160\"><a href=\"https:\/\/www.fringuello.eu\/de\/category\/yoga\/\">YOGA<\/a>\n<\/li>\n\t\t\t<\/ul>\n\n\t\t\t<\/div><div id=\"tag_cloud-3\" class=\"widget widget_tag_cloud\" data-area=\"main-sidebar\"><h4 class=\"qodef-widget-title\">tag<\/h4><div class=\"tagcloud\"><a href=\"https:\/\/www.fringuello.eu\/de\/tag\/gesundheit\/\" class=\"tag-cloud-link tag-link-150 tag-link-position-1\" style=\"font-size: 22pt;\" aria-label=\"Gesundheit (2\u00a0Eintr\u00e4ge)\">Gesundheit<\/a>\n<a href=\"https:\/\/www.fringuello.eu\/de\/tag\/meditation-de\/\" class=\"tag-cloud-link tag-link-152 tag-link-position-2\" style=\"font-size: 8pt;\" aria-label=\"meditation (1\u00a0Eintrag)\">meditation<\/a>\n<a href=\"https:\/\/www.fringuello.eu\/de\/tag\/natur\/\" class=\"tag-cloud-link tag-link-180 tag-link-position-3\" style=\"font-size: 8pt;\" aria-label=\"Natur (1\u00a0Eintrag)\">Natur<\/a>\n<a href=\"https:\/\/www.fringuello.eu\/de\/tag\/wellness-de\/\" class=\"tag-cloud-link tag-link-153 tag-link-position-4\" style=\"font-size: 8pt;\" aria-label=\"wellness (1\u00a0Eintrag)\">wellness<\/a>\n<a href=\"https:\/\/www.fringuello.eu\/de\/tag\/yoga-de\/\" class=\"tag-cloud-link tag-link-151 tag-link-position-5\" style=\"font-size: 8pt;\" aria-label=\"yoga (1\u00a0Eintrag)\">yoga<\/a><\/div>\n<\/div>\t\t\t\t<\/div>\n\t\t\t\t<\/div>\n\t\t\t\t\t<\/div>\n\t\t<\/div>\n\t\t\t\t\t<\/div>\n\t\t<\/section>\n\t\t\t\t<\/div>\n\t\t","protected":false},"excerpt":{"rendered":"<p>Veranstaltungen<\/p>\n","protected":false},"author":1,"featured_media":0,"parent":0,"menu_order":0,"comment_status":"closed","ping_status":"closed","template":"","meta":{"footnotes":""},"class_list":["post-8464","page","type-page","status-publish","hentry"],"aioseo_notices":[],"_links":{"self":[{"href":"https:\/\/www.fringuello.eu\/de\/wp-json\/wp\/v2\/pages\/8464","targetHints":{"allow":["GET"]}}],"collection":[{"href":"https:\/\/www.fringuello.eu\/de\/wp-json\/wp\/v2\/pages"}],"about":[{"href":"https:\/\/www.fringuello.eu\/de\/wp-json\/wp\/v2\/types\/page"}],"author":[{"embeddable":true,"href":"https:\/\/www.fringuello.eu\/de\/wp-json\/wp\/v2\/users\/1"}],"replies":[{"embeddable":true,"href":"https:\/\/www.fringuello.eu\/de\/wp-json\/wp\/v2\/comments?post=8464"}],"version-history":[{"count":20,"href":"https:\/\/www.fringuello.eu\/de\/wp-json\/wp\/v2\/pages\/8464\/revisions"}],"predecessor-version":[{"id":8727,"href":"https:\/\/www.fringuello.eu\/de\/wp-json\/wp\/v2\/pages\/8464\/revisions\/8727"}],"wp:attachment":[{"href":"https:\/\/www.fringuello.eu\/de\/wp-json\/wp\/v2\/media?parent=8464"}],"curies":[{"name":"wp","href":"https:\/\/api.w.org\/{rel}","templated":true}]}}