{"id":7397,"date":"2020-03-23T22:51:29","date_gmt":"2020-03-23T22:51:29","guid":{"rendered":"https:\/\/www.fringuello.eu\/bb-home\/"},"modified":"2023-05-19T14:12:25","modified_gmt":"2023-05-19T14:12:25","slug":"bb-home","status":"publish","type":"page","link":"https:\/\/www.fringuello.eu\/fr\/","title":{"rendered":"HOME PAGE"},"content":{"rendered":"\t\t<div data-elementor-type=\"wp-page\" data-elementor-id=\"7397\" class=\"elementor elementor-7397 elementor-948\" data-elementor-post-type=\"page\">\n\t\t\t\t\t\t<section class=\"elementor-section elementor-top-section elementor-element elementor-element-32ec20d elementor-section-full_width elementor-section-height-default elementor-section-height-default qodef-elementor-content-no\" data-id=\"32ec20d\" data-element_type=\"section\">\n\t\t\t\t\t\t<div class=\"elementor-container elementor-column-gap-no\">\n\t\t\t\t\t<div class=\"elementor-column elementor-col-100 elementor-top-column elementor-element elementor-element-f1334ff\" data-id=\"f1334ff\" data-element_type=\"column\">\n\t\t\t<div class=\"elementor-widget-wrap elementor-element-populated\">\n\t\t\t\t\t\t<div class=\"elementor-element elementor-element-d9b4e03 elementor-widget elementor-widget-slider_revolution\" data-id=\"d9b4e03\" data-element_type=\"widget\" data-widget_type=\"slider_revolution.default\">\n\t\t\t\t<div class=\"elementor-widget-container\">\n\t\t\t\t\t\n\t\t<div class=\"wp-block-themepunch-revslider\">\n\t\t\t<!-- START Home FR REVOLUTION SLIDER 6.7.40 --><p class=\"rs-p-wp-fix\"><\/p>\n\t\t\t<rs-module-wrap id=\"rev_slider_12_1_wrapper\" data-source=\"gallery\" style=\"visibility:hidden;background:transparent;padding:0;margin:0px auto;margin-top:0;margin-bottom:0;\">\n\t\t\t\t<rs-module id=\"rev_slider_12_1\" style=\"\" data-version=\"6.7.40\">\n\t\t\t\t\t<rs-slides style=\"overflow: hidden; position: absolute;\">\n\t\t\t\t\t\t<rs-slide style=\"position: absolute;\" data-key=\"rs-46\" data-title=\"Slide\" data-thumb=\"\/\/www.fringuello.eu\/wp-content\/uploads\/2020\/09\/piscina_toscana_fringuello-50x100.jpg\" data-anim=\"ms:2000ms;r:0;\" data-in=\"o:0;e:power2.out;\" data-out=\"a:false;\">\n\t\t\t\t\t\t\t<img fetchpriority=\"high\" decoding=\"async\" src=\"\/\/www.fringuello.eu\/wp-content\/plugins\/revslider\/sr6\/assets\/assets\/dummy.png\" alt=\"\" title=\"piscina_toscana_fringuello\" width=\"1920\" height=\"1281\" class=\"rev-slidebg tp-rs-img rs-lazyload\" data-lazyload=\"\/\/www.fringuello.eu\/wp-content\/uploads\/2020\/09\/piscina_toscana_fringuello.jpg\" data-parallax=\"7\" data-no-retina>\n<!---->\t\t\t\t\t<\/rs-slide>\n\t\t\t\t\t\t<rs-slide style=\"position: absolute;\" data-key=\"rs-53\" data-title=\"Slide\" data-thumb=\"\/\/www.fringuello.eu\/wp-content\/uploads\/2021\/07\/DSC0422-50x100.jpg\" data-anim=\"ms:2000ms;r:0;\" data-in=\"o:0;e:power2.out;\" data-out=\"a:false;\">\n\t\t\t\t\t\t\t<img decoding=\"async\" src=\"\/\/www.fringuello.eu\/wp-content\/plugins\/revslider\/sr6\/assets\/assets\/dummy.png\" alt=\"\" title=\"_DSC0422\" width=\"1920\" height=\"1280\" class=\"rev-slidebg tp-rs-img rs-lazyload\" data-lazyload=\"\/\/www.fringuello.eu\/wp-content\/uploads\/2021\/07\/DSC0422.jpg\" data-parallax=\"7\" data-no-retina>\n<!---->\t\t\t\t\t<\/rs-slide>\n\t\t\t\t\t\t<rs-slide style=\"position: absolute;\" data-key=\"rs-47\" data-title=\"Slide\" data-thumb=\"\/\/www.fringuello.eu\/wp-content\/uploads\/2020\/09\/agriturismo_toscana_fringuello-50x100.jpg\" data-anim=\"ms:2000ms;r:0;\" data-in=\"o:0;e:power2.out;\" data-out=\"a:false;\">\n\t\t\t\t\t\t\t<img decoding=\"async\" src=\"\/\/www.fringuello.eu\/wp-content\/plugins\/revslider\/sr6\/assets\/assets\/dummy.png\" alt=\"\" title=\"agriturismo_toscana_fringuello\" width=\"1920\" height=\"1281\" class=\"rev-slidebg tp-rs-img rs-lazyload\" data-lazyload=\"\/\/www.fringuello.eu\/wp-content\/uploads\/2020\/09\/agriturismo_toscana_fringuello.jpg\" data-parallax=\"7\" data-no-retina>\n<!---->\t\t\t\t\t<\/rs-slide>\n\t\t\t\t\t\t<rs-slide style=\"position: absolute;\" data-key=\"rs-48\" data-title=\"Slide\" data-thumb=\"\/\/www.fringuello.eu\/wp-content\/uploads\/2020\/09\/agriturismo_toscana_fringuello_2-50x100.jpg\" data-anim=\"ms:2000ms;r:0;\" data-in=\"o:0;e:power2.out;\" data-out=\"a:false;\">\n\t\t\t\t\t\t\t<img loading=\"lazy\" decoding=\"async\" src=\"\/\/www.fringuello.eu\/wp-content\/plugins\/revslider\/sr6\/assets\/assets\/dummy.png\" alt=\"\" width=\"1920\" height=\"1185\" class=\"rev-slidebg tp-rs-img rs-lazyload\" data-lazyload=\"\/\/www.fringuello.eu\/wp-content\/uploads\/2020\/09\/agriturismo_toscana_fringuello_2.jpg\" data-parallax=\"7\" data-no-retina>\n<!---->\t\t\t\t\t<\/rs-slide>\n\t\t\t\t\t\t<rs-slide style=\"position: absolute;\" data-key=\"rs-54\" data-title=\"Slide\" data-thumb=\"\/\/www.fringuello.eu\/wp-content\/uploads\/2021\/07\/DSC0565-HDR-50x100.jpg\" data-anim=\"ms:2000ms;r:0;\" data-in=\"o:0;e:power2.out;\" data-out=\"a:false;\">\n\t\t\t\t\t\t\t<img loading=\"lazy\" decoding=\"async\" src=\"\/\/www.fringuello.eu\/wp-content\/plugins\/revslider\/sr6\/assets\/assets\/dummy.png\" alt=\"\" title=\"_DSC0565-HDR\" width=\"1920\" height=\"1333\" class=\"rev-slidebg tp-rs-img rs-lazyload\" data-lazyload=\"\/\/www.fringuello.eu\/wp-content\/uploads\/2021\/07\/DSC0565-HDR.jpg\" data-parallax=\"7\" data-no-retina>\n<!---->\t\t\t\t\t<\/rs-slide>\n\t\t\t\t\t\t<rs-slide style=\"position: absolute;\" data-key=\"rs-49\" data-title=\"Slide\" data-thumb=\"\/\/www.fringuello.eu\/wp-content\/uploads\/2020\/09\/agriturismo_toscana_fringuello_3-50x100.jpg\" data-anim=\"ms:2000ms;r:0;\" data-in=\"o:0;e:power2.out;\" data-out=\"a:false;\">\n\t\t\t\t\t\t\t<img loading=\"lazy\" decoding=\"async\" src=\"\/\/www.fringuello.eu\/wp-content\/plugins\/revslider\/sr6\/assets\/assets\/dummy.png\" alt=\"\" width=\"1920\" height=\"1175\" class=\"rev-slidebg tp-rs-img rs-lazyload\" data-lazyload=\"\/\/www.fringuello.eu\/wp-content\/uploads\/2020\/09\/agriturismo_toscana_fringuello_3.jpg\" data-parallax=\"7\" data-no-retina>\n<!---->\t\t\t\t\t<\/rs-slide>\n\t\t\t\t\t\t<rs-slide style=\"position: absolute;\" data-key=\"rs-50\" data-title=\"Slide\" data-thumb=\"\/\/www.fringuello.eu\/wp-content\/uploads\/2020\/09\/agriturismo_toscana_fringuello_4-50x100.jpg\" data-anim=\"ms:2000ms;r:0;\" data-in=\"o:0;e:power2.out;\" data-out=\"a:false;\">\n\t\t\t\t\t\t\t<img loading=\"lazy\" decoding=\"async\" src=\"\/\/www.fringuello.eu\/wp-content\/plugins\/revslider\/sr6\/assets\/assets\/dummy.png\" alt=\"\" width=\"1920\" height=\"1199\" class=\"rev-slidebg tp-rs-img rs-lazyload\" data-lazyload=\"\/\/www.fringuello.eu\/wp-content\/uploads\/2020\/09\/agriturismo_toscana_fringuello_4.jpg\" data-parallax=\"7\" data-no-retina>\n<!---->\t\t\t\t\t<\/rs-slide>\n\t\t\t\t\t\t<rs-slide style=\"position: absolute;\" data-key=\"rs-51\" data-title=\"Slide\" data-thumb=\"\/\/www.fringuello.eu\/wp-content\/uploads\/2020\/09\/piscina_toscana_fringuello-50x100.jpg\" data-anim=\"ms:2000ms;r:0;\" data-in=\"o:0;e:power2.out;\" data-out=\"a:false;\">\n\t\t\t\t\t\t\t<img fetchpriority=\"high\" decoding=\"async\" src=\"\/\/www.fringuello.eu\/wp-content\/plugins\/revslider\/sr6\/assets\/assets\/dummy.png\" alt=\"\" title=\"piscina_toscana_fringuello\" width=\"1920\" height=\"1281\" class=\"rev-slidebg tp-rs-img rs-lazyload\" data-lazyload=\"\/\/www.fringuello.eu\/wp-content\/uploads\/2020\/09\/piscina_toscana_fringuello.jpg\" data-parallax=\"7\" data-no-retina>\n<!---->\t\t\t\t\t<\/rs-slide>\n\t\t\t\t\t<\/rs-slides>\n\t\t\t\t\t<rs-static-layers><!--\n\n\t\t\t\t\t\t\t--><rs-layer\n\t\t\t\t\t\t\t\tid=\"slider-12-slide-12-layer-0\" \n\t\t\t\t\t\t\t\tclass=\"rs-layer-static\"\n\t\t\t\t\t\t\t\tdata-type=\"text\"\n\t\t\t\t\t\t\t\tdata-xy=\"xo:52px,98px,53px,15px;y:b;yo:87px,104px,103px,58px;\"\n\t\t\t\t\t\t\t\tdata-text=\"w:nowrap,normal,normal,normal;s:46,50,35,23;l:51,51,41,28;ls:-1;fw:200,100,100,200;\"\n\t\t\t\t\t\t\t\tdata-dim=\"w:642px,642px,360px,276px;\"\n\t\t\t\t\t\t\t\tdata-basealign=\"slide\"\n\t\t\t\t\t\t\t\tdata-rsp_o=\"off\"\n\t\t\t\t\t\t\t\tdata-rsp_bd=\"off\"\n\t\t\t\t\t\t\t\tdata-onslides=\"s:1;\"\n\t\t\t\t\t\t\t\tdata-frame_0=\"x:46px;\"\n\t\t\t\t\t\t\t\tdata-frame_1=\"e:power2.out;st:400;sp:1000;\"\n\t\t\t\t\t\t\t\tdata-frame_999=\"o:0;st:w;\"\n\t\t\t\t\t\t\t\tstyle=\"z-index:5;font-family:'Work Sans';\"\n\t\t\t\t\t\t\t>Immergez-vous dans le paysage <br \/>\nr\u00e9serv\u00e9 des collines de Cortona \n\t\t\t\t\t\t\t<\/rs-layer><!--\n\t\t\t\t\t--><\/rs-static-layers>\n\t\t\t\t<\/rs-module>\n\t\t\t\t<script>\n\t\t\t\t\tsetREVStartSize({c: 'rev_slider_12_1',rl:[1240,1024,778,480],el:[921.989,593,600,600],gw:[1920,1366,778,480],gh:[922,593,600,600],type:'standard',justify:'',layout:'fullwidth',mh:\"0\"});if (window.RS_MODULES!==undefined && window.RS_MODULES.modules!==undefined && window.RS_MODULES.modules[\"revslider121\"]!==undefined) {window.RS_MODULES.modules[\"revslider121\"].once = false;window.revapi12 = undefined;if (window.RS_MODULES.checkMinimal!==undefined) window.RS_MODULES.checkMinimal()}\n\t\t\t\t<\/script>\n\t\t\t<\/rs-module-wrap>\n\t\t\t<!-- END REVOLUTION SLIDER -->\n<\/div>\n\n\t\t\t\t\t\t<\/div>\n\t\t\t\t<\/div>\n\t\t\t\t\t<\/div>\n\t\t<\/div>\n\t\t\t\t\t<\/div>\n\t\t<\/section>\n\t\t\t\t<section class=\"elementor-section elementor-top-section elementor-element elementor-element-ab2625e elementor-section-full_width elementor-section-height-default elementor-section-height-default qodef-elementor-content-no\" data-id=\"ab2625e\" data-element_type=\"section\">\n\t\t\t\t\t\t<div class=\"elementor-container elementor-column-gap-no\">\n\t\t\t\t\t<div class=\"elementor-column elementor-col-100 elementor-top-column elementor-element elementor-element-a0270a0\" data-id=\"a0270a0\" data-element_type=\"column\">\n\t\t\t<div class=\"elementor-widget-wrap elementor-element-populated\">\n\t\t\t\t\t\t<div class=\"elementor-element elementor-element-e2ec474 elementor-widget elementor-widget-alloggio_core_banner\" data-id=\"e2ec474\" data-element_type=\"widget\" data-widget_type=\"alloggio_core_banner.default\">\n\t\t\t\t<div class=\"elementor-widget-container\">\n\t\t\t\t\t<div class=\"qodef-shortcode qodef-m  qodef-banner qodef-layout--link-overlay qodef--has-text qodef--has-button\">\n\t<div class=\"qodef-m-image\">\n\t<img loading=\"lazy\" decoding=\"async\" width=\"1920\" height=\"1281\" src=\"https:\/\/www.fringuello.eu\/wp-content\/uploads\/2020\/11\/agriturismo_toscana_fringuello_case_1.jpg\" class=\"attachment-full size-full\" alt=\"\" srcset=\"https:\/\/www.fringuello.eu\/wp-content\/uploads\/2020\/11\/agriturismo_toscana_fringuello_case_1.jpg 1920w, https:\/\/www.fringuello.eu\/wp-content\/uploads\/2020\/11\/agriturismo_toscana_fringuello_case_1-300x200.jpg 300w, https:\/\/www.fringuello.eu\/wp-content\/uploads\/2020\/11\/agriturismo_toscana_fringuello_case_1-1024x683.jpg 1024w, https:\/\/www.fringuello.eu\/wp-content\/uploads\/2020\/11\/agriturismo_toscana_fringuello_case_1-768x512.jpg 768w, https:\/\/www.fringuello.eu\/wp-content\/uploads\/2020\/11\/agriturismo_toscana_fringuello_case_1-1536x1025.jpg 1536w\" sizes=\"(max-width: 1920px) 100vw, 1920px\" \/>\t<a itemprop=\"url\" href=\"https:\/\/www.fringuello.eu\/fr\/agritourisme\/\" class=\"qodef-m-banner-link\" target=\"_self\"><\/a>\n<\/div>\t<div class=\"qodef-m-content\">\n\t\t<div class=\"qodef-m-content-inner\" style=\"padding: 50px 82px 42px 36px\">\n\t\t\t<div class=\"qodef-m-content-inner-background\" style=\"background-color: #F8F6EB\"><\/div>\n\t\t\t<div class=\"qodef-m-content-inner-holder\">\n\t\t\t\t\t<h2 class=\"qodef-m-title\" >L'agritourisme<\/h2>\n\t\t\t\t\t<p class=\"qodef-m-text\" style=\"color: #5D5D5D\">Deux maisons, 11 lits<\/p>\n\t\t\t\t\t<div class=\"qodef-m-button\">\n\t\t<a class=\"qodef-shortcode qodef-m  qodef-button qodef-layout--textual  qodef-html--link\" href=\"https:\/\/www.fringuello.eu\/fr\/agritourisme\/\" target=\"_self\"  >\t<span class=\"qodef-m-text\">D\u00e9couvrez les chambres<\/span>\t<span class=\"qodef-m-plus\"><\/span><\/a>\t<\/div>\n\t\t\t\t<a itemprop=\"url\" href=\"https:\/\/www.fringuello.eu\/fr\/agritourisme\/\" class=\"qodef-m-banner-link\" target=\"_self\"><\/a>\n\t\t\t<\/div>\n\t\t\t<a itemprop=\"url\" href=\"https:\/\/www.fringuello.eu\/fr\/agritourisme\/\" class=\"qodef-m-banner-link\" target=\"_self\"><\/a>\n\t\t<\/div>\n\t<\/div>\n<\/div>\n\t\t\t\t<\/div>\n\t\t\t\t<\/div>\n\t\t\t\t\t<\/div>\n\t\t<\/div>\n\t\t\t\t\t<\/div>\n\t\t<\/section>\n\t\t\t\t<section class=\"elementor-section elementor-top-section elementor-element elementor-element-970d632 elementor-section-full_width elementor-section-height-default elementor-section-height-default qodef-elementor-content-no\" data-id=\"970d632\" data-element_type=\"section\">\n\t\t\t\t\t\t<div class=\"elementor-container elementor-column-gap-no\">\n\t\t\t\t\t<div class=\"elementor-column elementor-col-66 elementor-top-column elementor-element elementor-element-ca560b8\" data-id=\"ca560b8\" data-element_type=\"column\">\n\t\t\t<div class=\"elementor-widget-wrap elementor-element-populated\">\n\t\t\t\t\t\t<div class=\"elementor-element elementor-element-3a18f51 elementor-widget elementor-widget-alloggio_core_banner\" data-id=\"3a18f51\" data-element_type=\"widget\" data-widget_type=\"alloggio_core_banner.default\">\n\t\t\t\t<div class=\"elementor-widget-container\">\n\t\t\t\t\t<div class=\"qodef-shortcode qodef-m  qodef-banner qodef-layout--link-overlay  qodef--has-button\">\n\t<div class=\"qodef-m-image\">\n\t<img loading=\"lazy\" decoding=\"async\" width=\"1280\" height=\"650\" src=\"https:\/\/www.fringuello.eu\/wp-content\/uploads\/2020\/11\/DSC6634-Pano.jpg\" class=\"attachment-full size-full\" alt=\"\" srcset=\"https:\/\/www.fringuello.eu\/wp-content\/uploads\/2020\/11\/DSC6634-Pano.jpg 1280w, https:\/\/www.fringuello.eu\/wp-content\/uploads\/2020\/11\/DSC6634-Pano-300x152.jpg 300w, https:\/\/www.fringuello.eu\/wp-content\/uploads\/2020\/11\/DSC6634-Pano-1024x520.jpg 1024w, https:\/\/www.fringuello.eu\/wp-content\/uploads\/2020\/11\/DSC6634-Pano-768x390.jpg 768w\" sizes=\"(max-width: 1280px) 100vw, 1280px\" \/>\t<a itemprop=\"url\" href=\"https:\/\/www.fringuello.eu\/fr\/culture-et-territoire\/\" class=\"qodef-m-banner-link\" target=\"_self\"><\/a>\n<\/div>\t<div class=\"qodef-m-content\">\n\t\t<div class=\"qodef-m-content-inner\" style=\"padding: 50px 82px 42px 36px\">\n\t\t\t<div class=\"qodef-m-content-inner-background\" style=\"background-color: #F8F6EB\"><\/div>\n\t\t\t<div class=\"qodef-m-content-inner-holder\">\n\t\t\t\t\t<h2 class=\"qodef-m-title\" >Cortona<\/h2>\n\t\t\t\t\t\t\t\t\t<div class=\"qodef-m-button\">\n\t\t<a class=\"qodef-shortcode qodef-m  qodef-button qodef-layout--textual  qodef-html--link\" href=\"https:\/\/www.fringuello.eu\/fr\/culture-et-territoire\/\" target=\"_self\"  >\t<span class=\"qodef-m-text\">d\u00e9couvrez la ville \u00e9trusque<\/span>\t<span class=\"qodef-m-plus\"><\/span><\/a>\t<\/div>\n\t\t\t\t<a itemprop=\"url\" href=\"https:\/\/www.fringuello.eu\/fr\/culture-et-territoire\/\" class=\"qodef-m-banner-link\" target=\"_self\"><\/a>\n\t\t\t<\/div>\n\t\t\t<a itemprop=\"url\" href=\"https:\/\/www.fringuello.eu\/fr\/culture-et-territoire\/\" class=\"qodef-m-banner-link\" target=\"_self\"><\/a>\n\t\t<\/div>\n\t<\/div>\n<\/div>\n\t\t\t\t<\/div>\n\t\t\t\t<\/div>\n\t\t\t\t\t<\/div>\n\t\t<\/div>\n\t\t\t\t<div class=\"elementor-column elementor-col-33 elementor-top-column elementor-element elementor-element-7a98024\" data-id=\"7a98024\" data-element_type=\"column\" data-settings=\"{&quot;background_background&quot;:&quot;classic&quot;}\">\n\t\t\t<div class=\"elementor-widget-wrap elementor-element-populated\">\n\t\t\t\t\t\t<div class=\"elementor-element elementor-element-8ebadf0 elementor-widget elementor-widget-alloggio_core_section_title\" data-id=\"8ebadf0\" data-element_type=\"widget\" data-widget_type=\"alloggio_core_section_title.default\">\n\t\t\t\t<div class=\"elementor-widget-container\">\n\t\t\t\t\t<div class=\"qodef-shortcode qodef-m  qodef-section-title qodef-alignment--left\">\n\t\t<h2 class=\"qodef-m-title\" style=\"color: #79605C\">\n\t\t\t\t\tLes environs\t\t\t<\/h2>\n\t\t<p class=\"qodef-m-text\" style=\"margin-top: 10px;color: #5D5D5D\">Fringuello se trouve \u00e0 quelques pas des anciennes murailles de Cortona, \u00e0 un quart d&#039;heure \u00e0 pied.<\/p>\n<\/div>\t\t\t\t<\/div>\n\t\t\t\t<\/div>\n\t\t\t\t<div class=\"elementor-element elementor-element-62dc2f8 elementor-widget elementor-widget-alloggio_core_button\" data-id=\"62dc2f8\" data-element_type=\"widget\" data-widget_type=\"alloggio_core_button.default\">\n\t\t\t\t<div class=\"elementor-widget-container\">\n\t\t\t\t\t<a class=\"qodef-shortcode qodef-m  qodef-button qodef-layout--textual  qodef-html--link\" href=\"https:\/\/www.fringuello.eu\/fr\/culture-et-territoire\/#dintorni\" target=\"_self\"  style=\"margin: 22px 0px 0px 0px\">\n\t<span class=\"qodef-m-text\">D\u00e9couvrez tous les lieux historiques<\/span>\n\t<span class=\"qodef-m-plus\"><\/span>\n<\/a>\t\t\t\t<\/div>\n\t\t\t\t<\/div>\n\t\t\t\t\t<\/div>\n\t\t<\/div>\n\t\t\t\t\t<\/div>\n\t\t<\/section>\n\t\t\t\t<section class=\"elementor-section elementor-top-section elementor-element elementor-element-02f7910 elementor-section-full_width elementor-section-height-default elementor-section-height-default qodef-elementor-content-no\" data-id=\"02f7910\" data-element_type=\"section\">\n\t\t\t\t\t\t<div class=\"elementor-container elementor-column-gap-no\">\n\t\t\t\t\t<div class=\"elementor-column elementor-col-100 elementor-top-column elementor-element elementor-element-1f4029c\" data-id=\"1f4029c\" data-element_type=\"column\">\n\t\t\t<div class=\"elementor-widget-wrap elementor-element-populated\">\n\t\t\t\t\t\t<div class=\"elementor-element elementor-element-68c936f elementor-widget elementor-widget-alloggio_core_banner\" data-id=\"68c936f\" data-element_type=\"widget\" data-widget_type=\"alloggio_core_banner.default\">\n\t\t\t\t<div class=\"elementor-widget-container\">\n\t\t\t\t\t<div class=\"qodef-shortcode qodef-m  qodef-banner qodef-layout--link-overlay qodef--has-text qodef--has-button\">\n\t<div class=\"qodef-m-image\">\n\t<img loading=\"lazy\" decoding=\"async\" width=\"1920\" height=\"839\" src=\"https:\/\/www.fringuello.eu\/wp-content\/uploads\/2020\/10\/olio_toscana_fringuello_HOME.jpg\" class=\"attachment-full size-full\" alt=\"\" srcset=\"https:\/\/www.fringuello.eu\/wp-content\/uploads\/2020\/10\/olio_toscana_fringuello_HOME.jpg 1920w, https:\/\/www.fringuello.eu\/wp-content\/uploads\/2020\/10\/olio_toscana_fringuello_HOME-300x131.jpg 300w, https:\/\/www.fringuello.eu\/wp-content\/uploads\/2020\/10\/olio_toscana_fringuello_HOME-1024x447.jpg 1024w, https:\/\/www.fringuello.eu\/wp-content\/uploads\/2020\/10\/olio_toscana_fringuello_HOME-768x336.jpg 768w, https:\/\/www.fringuello.eu\/wp-content\/uploads\/2020\/10\/olio_toscana_fringuello_HOME-1536x671.jpg 1536w\" sizes=\"(max-width: 1920px) 100vw, 1920px\" \/>\t<a itemprop=\"url\" href=\"https:\/\/www.fringuello.eu\/fr\/immersion-dans-la-nature\/\" class=\"qodef-m-banner-link\" target=\"_self\"><\/a>\n<\/div>\t<div class=\"qodef-m-content\">\n\t\t<div class=\"qodef-m-content-inner\" style=\"padding: 50px 82px 42px 36px\">\n\t\t\t<div class=\"qodef-m-content-inner-background\" style=\"background-color: #F8F6EB\"><\/div>\n\t\t\t<div class=\"qodef-m-content-inner-holder\">\n\t\t\t\t\t<h2 class=\"qodef-m-title\" >Une plong\u00e9e dans la nature<\/h2>\n\t\t\t\t\t<p class=\"qodef-m-text\" >fringuello est immerg\u00e9 dans le silence de la nature et le vert des oliviers.<\/p>\n\t\t\t\t\t<div class=\"qodef-m-button\">\n\t\t<a class=\"qodef-shortcode qodef-m  qodef-button qodef-layout--textual  qodef-html--link\" href=\"https:\/\/www.fringuello.eu\/fr\/immersion-dans-la-nature\/\" target=\"_self\"  >\t<span class=\"qodef-m-text\">d\u00e9couvrez-la<\/span>\t<span class=\"qodef-m-plus\"><\/span><\/a>\t<\/div>\n\t\t\t\t<a itemprop=\"url\" href=\"https:\/\/www.fringuello.eu\/fr\/immersion-dans-la-nature\/\" class=\"qodef-m-banner-link\" target=\"_self\"><\/a>\n\t\t\t<\/div>\n\t\t\t<a itemprop=\"url\" href=\"https:\/\/www.fringuello.eu\/fr\/immersion-dans-la-nature\/\" class=\"qodef-m-banner-link\" target=\"_self\"><\/a>\n\t\t<\/div>\n\t<\/div>\n<\/div>\n\t\t\t\t<\/div>\n\t\t\t\t<\/div>\n\t\t\t\t\t<\/div>\n\t\t<\/div>\n\t\t\t\t\t<\/div>\n\t\t<\/section>\n\t\t\t\t<section class=\"elementor-section elementor-top-section elementor-element elementor-element-645339c elementor-section-full_width elementor-section-height-default elementor-section-height-default qodef-elementor-content-no\" data-id=\"645339c\" data-element_type=\"section\">\n\t\t\t\t\t\t<div class=\"elementor-container elementor-column-gap-no\">\n\t\t\t\t\t<div class=\"elementor-column elementor-col-50 elementor-top-column elementor-element elementor-element-51eb0fd\" data-id=\"51eb0fd\" data-element_type=\"column\">\n\t\t\t<div class=\"elementor-widget-wrap elementor-element-populated\">\n\t\t\t\t\t\t<div class=\"elementor-element elementor-element-3f57324 elementor-widget elementor-widget-alloggio_core_banner\" data-id=\"3f57324\" data-element_type=\"widget\" data-widget_type=\"alloggio_core_banner.default\">\n\t\t\t\t<div class=\"elementor-widget-container\">\n\t\t\t\t\t<div class=\"qodef-shortcode qodef-m  qodef-banner qodef-layout--link-overlay qodef--has-text qodef--has-button\">\n\t<div class=\"qodef-m-image\">\n\t<img loading=\"lazy\" decoding=\"async\" width=\"1024\" height=\"683\" src=\"https:\/\/www.fringuello.eu\/wp-content\/uploads\/2020\/10\/olio_toscana_fringuello_3.jpg\" class=\"attachment-full size-full\" alt=\"\" srcset=\"https:\/\/www.fringuello.eu\/wp-content\/uploads\/2020\/10\/olio_toscana_fringuello_3.jpg 1024w, https:\/\/www.fringuello.eu\/wp-content\/uploads\/2020\/10\/olio_toscana_fringuello_3-300x200.jpg 300w, https:\/\/www.fringuello.eu\/wp-content\/uploads\/2020\/10\/olio_toscana_fringuello_3-768x512.jpg 768w\" sizes=\"(max-width: 1024px) 100vw, 1024px\" \/>\t<a itemprop=\"url\" href=\"https:\/\/www.fringuello.eu\/fr\/huile\/\" class=\"qodef-m-banner-link\" target=\"_self\"><\/a>\n<\/div>\t<div class=\"qodef-m-content\">\n\t\t<div class=\"qodef-m-content-inner\" style=\"padding: 50px 82px 42px 36px\">\n\t\t\t<div class=\"qodef-m-content-inner-background\" style=\"background-color: #F8F6EB\"><\/div>\n\t\t\t<div class=\"qodef-m-content-inner-holder\">\n\t\t\t\t\t<h2 class=\"qodef-m-title\" >Notre huile<\/h2>\n\t\t\t\t\t<p class=\"qodef-m-text\" style=\"color: #5D5D5D\">Huile d&#039;olive extra vierge<\/p>\n\t\t\t\t\t<div class=\"qodef-m-button\">\n\t\t<a class=\"qodef-shortcode qodef-m  qodef-button qodef-layout--textual  qodef-html--link\" href=\"https:\/\/www.fringuello.eu\/fr\/huile\/\" target=\"_self\"  >\t<span class=\"qodef-m-text\">d\u00e9couvrez-la<\/span>\t<span class=\"qodef-m-plus\"><\/span><\/a>\t<\/div>\n\t\t\t\t<a itemprop=\"url\" href=\"https:\/\/www.fringuello.eu\/fr\/huile\/\" class=\"qodef-m-banner-link\" target=\"_self\"><\/a>\n\t\t\t<\/div>\n\t\t\t<a itemprop=\"url\" href=\"https:\/\/www.fringuello.eu\/fr\/huile\/\" class=\"qodef-m-banner-link\" target=\"_self\"><\/a>\n\t\t<\/div>\n\t<\/div>\n<\/div>\n\t\t\t\t<\/div>\n\t\t\t\t<\/div>\n\t\t\t\t\t<\/div>\n\t\t<\/div>\n\t\t\t\t<div class=\"elementor-column elementor-col-50 elementor-top-column elementor-element elementor-element-6306351\" data-id=\"6306351\" data-element_type=\"column\">\n\t\t\t<div class=\"elementor-widget-wrap elementor-element-populated\">\n\t\t\t\t\t\t<div class=\"elementor-element elementor-element-1318372 elementor-widget elementor-widget-alloggio_core_banner\" data-id=\"1318372\" data-element_type=\"widget\" data-widget_type=\"alloggio_core_banner.default\">\n\t\t\t\t<div class=\"elementor-widget-container\">\n\t\t\t\t\t<div class=\"qodef-shortcode qodef-m  qodef-banner qodef-layout--link-overlay qodef--has-text qodef--has-button\">\n\t<div class=\"qodef-m-image\">\n\t<img loading=\"lazy\" decoding=\"async\" width=\"1280\" height=\"853\" src=\"https:\/\/www.fringuello.eu\/wp-content\/uploads\/2020\/11\/SON7058.jpg\" class=\"attachment-full size-full\" alt=\"\" srcset=\"https:\/\/www.fringuello.eu\/wp-content\/uploads\/2020\/11\/SON7058.jpg 1280w, https:\/\/www.fringuello.eu\/wp-content\/uploads\/2020\/11\/SON7058-300x200.jpg 300w, https:\/\/www.fringuello.eu\/wp-content\/uploads\/2020\/11\/SON7058-1024x682.jpg 1024w, https:\/\/www.fringuello.eu\/wp-content\/uploads\/2020\/11\/SON7058-768x512.jpg 768w\" sizes=\"(max-width: 1280px) 100vw, 1280px\" \/>\t<a itemprop=\"url\" href=\"https:\/\/www.fringuello.eu\/fr\/galerie\/\" class=\"qodef-m-banner-link\" target=\"_self\"><\/a>\n<\/div>\t<div class=\"qodef-m-content\">\n\t\t<div class=\"qodef-m-content-inner\" style=\"padding: 50px 25px 42px 36px\">\n\t\t\t<div class=\"qodef-m-content-inner-background\" style=\"background-color: #F8F6EB\"><\/div>\n\t\t\t<div class=\"qodef-m-content-inner-holder\">\n\t\t\t\t\t<h2 class=\"qodef-m-title\" >Galerie<\/h2>\n\t\t\t\t\t<p class=\"qodef-m-text\" style=\"color: #5D5D5D\">fringuello et le territoire environnant<\/p>\n\t\t\t\t\t<div class=\"qodef-m-button\">\n\t\t<a class=\"qodef-shortcode qodef-m  qodef-button qodef-layout--textual  qodef-html--link\" href=\"https:\/\/www.fringuello.eu\/fr\/galerie\/\" target=\"_self\"  >\t<span class=\"qodef-m-text\">d\u00e9couvrez-la<\/span>\t<span class=\"qodef-m-plus\"><\/span><\/a>\t<\/div>\n\t\t\t\t<a itemprop=\"url\" href=\"https:\/\/www.fringuello.eu\/fr\/galerie\/\" class=\"qodef-m-banner-link\" target=\"_self\"><\/a>\n\t\t\t<\/div>\n\t\t\t<a itemprop=\"url\" href=\"https:\/\/www.fringuello.eu\/fr\/galerie\/\" class=\"qodef-m-banner-link\" target=\"_self\"><\/a>\n\t\t<\/div>\n\t<\/div>\n<\/div>\n\t\t\t\t<\/div>\n\t\t\t\t<\/div>\n\t\t\t\t\t<\/div>\n\t\t<\/div>\n\t\t\t\t\t<\/div>\n\t\t<\/section>\n\t\t\t\t<\/div>\n\t\t","protected":false},"excerpt":{"rendered":"<p>L&rsquo;agritourisme Deux maisons, 11 lits D\u00e9couvrez les chambres Cortona d\u00e9couvrez la ville \u00e9trusque Les environs Fringuello se trouve \u00e0 quelques pas des anciennes murailles de Cortona, \u00e0 un quart d&rsquo;heure \u00e0 pied. D\u00e9couvrez tous les lieux historiques Une plong\u00e9e dans la nature fringuello est immerg\u00e9 dans le silence de la nature et le vert des [&hellip;]<\/p>\n","protected":false},"author":1,"featured_media":0,"parent":0,"menu_order":0,"comment_status":"closed","ping_status":"closed","template":"","meta":{"footnotes":""},"class_list":["post-7397","page","type-page","status-publish","hentry"],"aioseo_notices":[],"_links":{"self":[{"href":"https:\/\/www.fringuello.eu\/fr\/wp-json\/wp\/v2\/pages\/7397","targetHints":{"allow":["GET"]}}],"collection":[{"href":"https:\/\/www.fringuello.eu\/fr\/wp-json\/wp\/v2\/pages"}],"about":[{"href":"https:\/\/www.fringuello.eu\/fr\/wp-json\/wp\/v2\/types\/page"}],"author":[{"embeddable":true,"href":"https:\/\/www.fringuello.eu\/fr\/wp-json\/wp\/v2\/users\/1"}],"replies":[{"embeddable":true,"href":"https:\/\/www.fringuello.eu\/fr\/wp-json\/wp\/v2\/comments?post=7397"}],"version-history":[{"count":1,"href":"https:\/\/www.fringuello.eu\/fr\/wp-json\/wp\/v2\/pages\/7397\/revisions"}],"predecessor-version":[{"id":9131,"href":"https:\/\/www.fringuello.eu\/fr\/wp-json\/wp\/v2\/pages\/7397\/revisions\/9131"}],"wp:attachment":[{"href":"https:\/\/www.fringuello.eu\/fr\/wp-json\/wp\/v2\/media?parent=7397"}],"curies":[{"name":"wp","href":"https:\/\/api.w.org\/{rel}","templated":true}]}}