{"id":8473,"date":"2021-12-06T11:14:55","date_gmt":"2021-12-06T11:14:55","guid":{"rendered":"https:\/\/www.fringuello.eu\/eventi\/"},"modified":"2022-02-04T17:21:23","modified_gmt":"2022-02-04T17:21:23","slug":"evenements","status":"publish","type":"page","link":"https:\/\/www.fringuello.eu\/fr\/evenements\/","title":{"rendered":"\u00c9V\u00c9NEMENTS"},"content":{"rendered":"\t\t<div data-elementor-type=\"wp-page\" data-elementor-id=\"8473\" class=\"elementor elementor-8473 elementor-8441\" data-elementor-post-type=\"page\">\n\t\t\t\t\t\t<section class=\"elementor-section elementor-top-section elementor-element elementor-element-60bd2a2 elementor-section-boxed elementor-section-height-default elementor-section-height-default qodef-elementor-content-no\" data-id=\"60bd2a2\" data-element_type=\"section\" data-settings=\"{&quot;background_background&quot;:&quot;classic&quot;}\">\n\t\t\t\t\t\t<div class=\"elementor-container elementor-column-gap-default\">\n\t\t\t\t\t<div class=\"elementor-column elementor-col-100 elementor-top-column elementor-element elementor-element-4a81b0b\" data-id=\"4a81b0b\" data-element_type=\"column\">\n\t\t\t<div class=\"elementor-widget-wrap elementor-element-populated\">\n\t\t\t\t\t\t<div class=\"elementor-element elementor-element-d70bbbf elementor-widget elementor-widget-text-editor\" data-id=\"d70bbbf\" data-element_type=\"widget\" data-widget_type=\"text-editor.default\">\n\t\t\t\t<div class=\"elementor-widget-container\">\n\t\t\t\t\t\t\t\t\t<h2 style=\"text-align: left;\">\u00c9V\u00c9NEMENTS<\/h2>\t\t\t\t\t\t\t\t<\/div>\n\t\t\t\t<\/div>\n\t\t\t\t\t<\/div>\n\t\t<\/div>\n\t\t\t\t\t<\/div>\n\t\t<\/section>\n\t\t\t\t<section class=\"elementor-section elementor-top-section elementor-element elementor-element-de2fbd4 elementor-section-boxed elementor-section-height-default elementor-section-height-default qodef-elementor-content-no\" data-id=\"de2fbd4\" data-element_type=\"section\">\n\t\t\t\t\t\t<div class=\"elementor-container elementor-column-gap-default\">\n\t\t\t\t\t<div class=\"elementor-column elementor-col-66 elementor-top-column elementor-element elementor-element-35cbddb\" data-id=\"35cbddb\" data-element_type=\"column\">\n\t\t\t<div class=\"elementor-widget-wrap elementor-element-populated\">\n\t\t\t\t\t\t<div class=\"elementor-element elementor-element-5f4c8a5 elementor-grid-2 elementor-grid-tablet-2 elementor-grid-mobile-1 elementor-posts--thumbnail-top elementor-posts--show-avatar elementor-card-shadow-yes elementor-posts__hover-gradient elementor-widget elementor-widget-posts\" data-id=\"5f4c8a5\" data-element_type=\"widget\" data-settings=\"{&quot;cards_columns&quot;:&quot;2&quot;,&quot;cards_columns_tablet&quot;:&quot;2&quot;,&quot;cards_columns_mobile&quot;:&quot;1&quot;,&quot;cards_row_gap&quot;:{&quot;unit&quot;:&quot;px&quot;,&quot;size&quot;:35,&quot;sizes&quot;:[]},&quot;cards_row_gap_tablet&quot;:{&quot;unit&quot;:&quot;px&quot;,&quot;size&quot;:&quot;&quot;,&quot;sizes&quot;:[]},&quot;cards_row_gap_mobile&quot;:{&quot;unit&quot;:&quot;px&quot;,&quot;size&quot;:&quot;&quot;,&quot;sizes&quot;:[]}}\" data-widget_type=\"posts.cards\">\n\t\t\t\t<div class=\"elementor-widget-container\">\n\t\t\t\t\t\t\t<div class=\"elementor-posts-container elementor-posts elementor-posts--skin-cards elementor-grid\" role=\"list\">\n\t\t\t\t<article class=\"elementor-post elementor-grid-item post-8954 post type-post status-publish format-standard has-post-thumbnail hentry category-feste-2 tag-feste-fr tag-matrimoni-fr\" role=\"listitem\">\n\t\t\t<div class=\"elementor-post__card\">\n\t\t\t\t<a class=\"elementor-post__thumbnail__link\" href=\"https:\/\/www.fringuello.eu\/fr\/se-marier-au-fringuello\/\" tabindex=\"-1\" ><div class=\"elementor-post__thumbnail\"><img fetchpriority=\"high\" decoding=\"async\" width=\"300\" height=\"225\" src=\"https:\/\/www.fringuello.eu\/wp-content\/uploads\/2022\/09\/nozze-al-fringuello-300x225.jpeg\" class=\"attachment-medium size-medium wp-image-8929\" alt=\"\" srcset=\"https:\/\/www.fringuello.eu\/wp-content\/uploads\/2022\/09\/nozze-al-fringuello-300x225.jpeg 300w, https:\/\/www.fringuello.eu\/wp-content\/uploads\/2022\/09\/nozze-al-fringuello-1024x768.jpeg 1024w, https:\/\/www.fringuello.eu\/wp-content\/uploads\/2022\/09\/nozze-al-fringuello-768x576.jpeg 768w, https:\/\/www.fringuello.eu\/wp-content\/uploads\/2022\/09\/nozze-al-fringuello-1536x1152.jpeg 1536w, https:\/\/www.fringuello.eu\/wp-content\/uploads\/2022\/09\/nozze-al-fringuello-2048x1536.jpeg 2048w\" sizes=\"(max-width: 300px) 100vw, 300px\" \/><\/div><\/a>\n\t\t\t\t<div class=\"elementor-post__avatar\">\n\t\t\t\t\t<\/div>\n\t\t\t\t<div class=\"elementor-post__text\">\n\t\t\t\t<h3 class=\"elementor-post__title\">\n\t\t\t<a href=\"https:\/\/www.fringuello.eu\/fr\/se-marier-au-fringuello\/\" >\n\t\t\t\tSe marier au Fringuello\t\t\t<\/a>\n\t\t<\/h3>\n\t\t\t\t<div class=\"elementor-post__excerpt\">\n\t\t\t<p>\u00ab\u00a0Casa comunale\u00a0\u00bb Aux fins de la c\u00e9l\u00e9bration des mariages et des unions civiles dans la commune de Cortona, l&rsquo;agritourisme Fringuello fait partie des lieux identifi\u00e9s<\/p>\n\t\t<\/div>\n\t\t\n\t\t<a class=\"elementor-post__read-more\" href=\"https:\/\/www.fringuello.eu\/fr\/se-marier-au-fringuello\/\" aria-label=\"En savoir plus sur Se marier au Fringuello\" tabindex=\"-1\" >\n\t\t\tcontinue \u00bb\t\t<\/a>\n\n\t\t\t\t<\/div>\n\t\t\t\t<div class=\"elementor-post__meta-data\">\n\t\t\t\t\t<span class=\"elementor-post-date\">\n\t\t\t01\/09\/2022\t\t<\/span>\n\t\t\t\t<\/div>\n\t\t\t\t\t<\/div>\n\t\t<\/article>\n\t\t\t\t<article class=\"elementor-post elementor-grid-item post-8847 post type-post status-publish format-standard has-post-thumbnail hentry category-trekking-3 category-wellness-4 tag-bien-etre tag-randonner tag-sante\" role=\"listitem\">\n\t\t\t<div class=\"elementor-post__card\">\n\t\t\t\t<a class=\"elementor-post__thumbnail__link\" href=\"https:\/\/www.fringuello.eu\/fr\/7-jours-trekking-et-bien-etre\/\" tabindex=\"-1\" ><div class=\"elementor-post__thumbnail\"><img decoding=\"async\" width=\"300\" height=\"146\" src=\"https:\/\/www.fringuello.eu\/wp-content\/uploads\/2022\/08\/paesaggio-toscana-300x146.jpeg\" class=\"attachment-medium size-medium wp-image-8771\" alt=\"\" srcset=\"https:\/\/www.fringuello.eu\/wp-content\/uploads\/2022\/08\/paesaggio-toscana-300x146.jpeg 300w, https:\/\/www.fringuello.eu\/wp-content\/uploads\/2022\/08\/paesaggio-toscana-1024x498.jpeg 1024w, https:\/\/www.fringuello.eu\/wp-content\/uploads\/2022\/08\/paesaggio-toscana-768x373.jpeg 768w, https:\/\/www.fringuello.eu\/wp-content\/uploads\/2022\/08\/paesaggio-toscana-1536x747.jpeg 1536w, https:\/\/www.fringuello.eu\/wp-content\/uploads\/2022\/08\/paesaggio-toscana-2048x996.jpeg 2048w\" sizes=\"(max-width: 300px) 100vw, 300px\" \/><\/div><\/a>\n\t\t\t\t<div class=\"elementor-post__avatar\">\n\t\t\t\t\t<\/div>\n\t\t\t\t<div class=\"elementor-post__text\">\n\t\t\t\t<h3 class=\"elementor-post__title\">\n\t\t\t<a href=\"https:\/\/www.fringuello.eu\/fr\/7-jours-trekking-et-bien-etre\/\" >\n\t\t\t\t7 jours trekking et bien-\u00eatre\t\t\t<\/a>\n\t\t<\/h3>\n\t\t\t\t<div class=\"elementor-post__excerpt\">\n\t\t\t<p>7 &#8211; 14 octobre 2023 Une semaine d&rsquo;immersion totale dans la nature toscane entre Cortona et Montepulciano. Journ\u00e9es d&rsquo;excursions guid\u00e9es avec d\u00e9jeuners \u00e0 emporter et<\/p>\n\t\t<\/div>\n\t\t\n\t\t<a class=\"elementor-post__read-more\" href=\"https:\/\/www.fringuello.eu\/fr\/7-jours-trekking-et-bien-etre\/\" aria-label=\"En savoir plus sur 7 jours trekking et bien-\u00eatre\" tabindex=\"-1\" >\n\t\t\tcontinue \u00bb\t\t<\/a>\n\n\t\t\t\t<\/div>\n\t\t\t\t<div class=\"elementor-post__meta-data\">\n\t\t\t\t\t<span class=\"elementor-post-date\">\n\t\t\t09\/08\/2022\t\t<\/span>\n\t\t\t\t<\/div>\n\t\t\t\t\t<\/div>\n\t\t<\/article>\n\t\t\t\t<article class=\"elementor-post elementor-grid-item post-8365 post type-post status-publish format-standard has-post-thumbnail hentry category-yoga-2 tag-bien-etre tag-meditation-fr tag-yoga-fr\" role=\"listitem\">\n\t\t\t<div class=\"elementor-post__card\">\n\t\t\t\t<a class=\"elementor-post__thumbnail__link\" href=\"https:\/\/www.fringuello.eu\/fr\/retreat-avec-maha-shanti-yoga\/\" tabindex=\"-1\" ><div class=\"elementor-post__thumbnail\"><img decoding=\"async\" width=\"300\" height=\"225\" src=\"https:\/\/www.fringuello.eu\/wp-content\/uploads\/2021\/12\/Image-25-300x225.jpg\" class=\"attachment-medium size-medium wp-image-8254\" alt=\"\" srcset=\"https:\/\/www.fringuello.eu\/wp-content\/uploads\/2021\/12\/Image-25-300x225.jpg 300w, https:\/\/www.fringuello.eu\/wp-content\/uploads\/2021\/12\/Image-25-1024x768.jpg 1024w, https:\/\/www.fringuello.eu\/wp-content\/uploads\/2021\/12\/Image-25-768x576.jpg 768w, https:\/\/www.fringuello.eu\/wp-content\/uploads\/2021\/12\/Image-25-1536x1152.jpg 1536w, https:\/\/www.fringuello.eu\/wp-content\/uploads\/2021\/12\/Image-25-2048x1536.jpg 2048w\" sizes=\"(max-width: 300px) 100vw, 300px\" \/><\/div><\/a>\n\t\t\t\t<div class=\"elementor-post__avatar\">\n\t\t\t\t\t<\/div>\n\t\t\t\t<div class=\"elementor-post__text\">\n\t\t\t\t<h3 class=\"elementor-post__title\">\n\t\t\t<a href=\"https:\/\/www.fringuello.eu\/fr\/retreat-avec-maha-shanti-yoga\/\" >\n\t\t\t\tRETREAT AVEC MAHA SHANTI YOGA\t\t\t<\/a>\n\t\t<\/h3>\n\t\t\t\t<div class=\"elementor-post__excerpt\">\n\t\t\t<p>4 &#8211; 11 juin 2022 Une retraite de yoga est exactement comme son nom l&rsquo;indique : il s&rsquo;agit d&rsquo;un s\u00e9jour loin de chez soi qui<\/p>\n\t\t<\/div>\n\t\t\n\t\t<a class=\"elementor-post__read-more\" href=\"https:\/\/www.fringuello.eu\/fr\/retreat-avec-maha-shanti-yoga\/\" aria-label=\"En savoir plus sur RETREAT AVEC MAHA SHANTI YOGA\" tabindex=\"-1\" >\n\t\t\tcontinue \u00bb\t\t<\/a>\n\n\t\t\t\t<\/div>\n\t\t\t\t<div class=\"elementor-post__meta-data\">\n\t\t\t\t\t<span class=\"elementor-post-date\">\n\t\t\t09\/12\/2021\t\t<\/span>\n\t\t\t\t<\/div>\n\t\t\t\t\t<\/div>\n\t\t<\/article>\n\t\t\t\t<article class=\"elementor-post elementor-grid-item post-8391 post type-post status-publish format-standard has-post-thumbnail hentry category-workshop-fr tag-art tag-ceramique tag-creativite\" role=\"listitem\">\n\t\t\t<div class=\"elementor-post__card\">\n\t\t\t\t<a class=\"elementor-post__thumbnail__link\" href=\"https:\/\/www.fringuello.eu\/fr\/workshop-karen-swami-ceramique\/\" tabindex=\"-1\" ><div class=\"elementor-post__thumbnail\"><img loading=\"lazy\" decoding=\"async\" width=\"300\" height=\"173\" src=\"https:\/\/www.fringuello.eu\/wp-content\/uploads\/2021\/12\/Karen-Swami-300x173.jpg\" class=\"attachment-medium size-medium wp-image-8170\" alt=\"\" srcset=\"https:\/\/www.fringuello.eu\/wp-content\/uploads\/2021\/12\/Karen-Swami-300x173.jpg 300w, https:\/\/www.fringuello.eu\/wp-content\/uploads\/2021\/12\/Karen-Swami-1024x590.jpg 1024w, https:\/\/www.fringuello.eu\/wp-content\/uploads\/2021\/12\/Karen-Swami-768x442.jpg 768w, https:\/\/www.fringuello.eu\/wp-content\/uploads\/2021\/12\/Karen-Swami-1536x885.jpg 1536w, https:\/\/www.fringuello.eu\/wp-content\/uploads\/2021\/12\/Karen-Swami-2048x1180.jpg 2048w\" sizes=\"(max-width: 300px) 100vw, 300px\" \/><\/div><\/a>\n\t\t\t\t<div class=\"elementor-post__avatar\">\n\t\t\t\t\t<\/div>\n\t\t\t\t<div class=\"elementor-post__text\">\n\t\t\t\t<h3 class=\"elementor-post__title\">\n\t\t\t<a href=\"https:\/\/www.fringuello.eu\/fr\/workshop-karen-swami-ceramique\/\" >\n\t\t\t\tWorkshop avec Karen Swami &#8211; l&rsquo;\u00e9nergie de la terre\t\t\t<\/a>\n\t\t<\/h3>\n\t\t\t\t<div class=\"elementor-post__excerpt\">\n\t\t\t<p>Automne 2022 Nous sommes ravis de pouvoir proposer une exp\u00e9rience unique : une semaine de travail intensif avec l&rsquo;artiste Karen Swami.\u00a0 L&rsquo;atelier aura lieu \u00e0<\/p>\n\t\t<\/div>\n\t\t\n\t\t<a class=\"elementor-post__read-more\" href=\"https:\/\/www.fringuello.eu\/fr\/workshop-karen-swami-ceramique\/\" aria-label=\"En savoir plus sur Workshop avec Karen Swami &#8211; l&rsquo;\u00e9nergie de la terre\" tabindex=\"-1\" >\n\t\t\tcontinue \u00bb\t\t<\/a>\n\n\t\t\t\t<\/div>\n\t\t\t\t<div class=\"elementor-post__meta-data\">\n\t\t\t\t\t<span class=\"elementor-post-date\">\n\t\t\t06\/12\/2021\t\t<\/span>\n\t\t\t\t<\/div>\n\t\t\t\t\t<\/div>\n\t\t<\/article>\n\t\t\t\t<\/div>\n\t\t\n\t\t\t\t\t\t<\/div>\n\t\t\t\t<\/div>\n\t\t\t\t\t<\/div>\n\t\t<\/div>\n\t\t\t\t<div class=\"elementor-column elementor-col-33 elementor-top-column elementor-element elementor-element-4100855\" data-id=\"4100855\" data-element_type=\"column\">\n\t\t\t<div class=\"elementor-widget-wrap elementor-element-populated\">\n\t\t\t\t\t\t<div class=\"elementor-element elementor-element-3221cb5 esidebar elementor-widget elementor-widget-sidebar\" data-id=\"3221cb5\" data-element_type=\"widget\" data-widget_type=\"sidebar.default\">\n\t\t\t\t<div class=\"elementor-widget-container\">\n\t\t\t\t\t<div id=\"categories-4\" class=\"widget widget_categories\" data-area=\"main-sidebar\"><h4 class=\"qodef-widget-title\">activit\u00e8s<\/h4>\n\t\t\t<ul>\n\t\t\t\t\t<li class=\"cat-item cat-item-186\"><a href=\"https:\/\/www.fringuello.eu\/fr\/category\/feste-2\/\">feste<\/a>\n<\/li>\n\t<li class=\"cat-item cat-item-181\"><a href=\"https:\/\/www.fringuello.eu\/fr\/category\/trekking-3\/\">TREKKING<\/a>\n<\/li>\n\t<li class=\"cat-item cat-item-182\"><a href=\"https:\/\/www.fringuello.eu\/fr\/category\/wellness-4\/\">WELLNESS<\/a>\n<\/li>\n\t<li class=\"cat-item cat-item-166\"><a href=\"https:\/\/www.fringuello.eu\/fr\/category\/workshop-fr\/\">WORKSHOP<\/a>\n<\/li>\n\t<li class=\"cat-item cat-item-161\"><a href=\"https:\/\/www.fringuello.eu\/fr\/category\/yoga-2\/\">YOGA<\/a>\n<\/li>\n\t\t\t<\/ul>\n\n\t\t\t<\/div><div id=\"tag_cloud-3\" class=\"widget widget_tag_cloud\" data-area=\"main-sidebar\"><h4 class=\"qodef-widget-title\">tag<\/h4><div class=\"tagcloud\"><a href=\"https:\/\/www.fringuello.eu\/fr\/tag\/art\/\" class=\"tag-cloud-link tag-link-155 tag-link-position-1\" style=\"font-size: 8pt;\" aria-label=\"art (1 \u00e9l\u00e9ment)\">art<\/a>\n<a href=\"https:\/\/www.fringuello.eu\/fr\/tag\/bien-etre\/\" class=\"tag-cloud-link tag-link-147 tag-link-position-2\" style=\"font-size: 22pt;\" aria-label=\"bien-\u00eatre (2 \u00e9l\u00e9ments)\">bien-\u00eatre<\/a>\n<a href=\"https:\/\/www.fringuello.eu\/fr\/tag\/creativite\/\" class=\"tag-cloud-link tag-link-156 tag-link-position-3\" style=\"font-size: 8pt;\" aria-label=\"cr\u00e9ativit\u00e9 (1 \u00e9l\u00e9ment)\">cr\u00e9ativit\u00e9<\/a>\n<a href=\"https:\/\/www.fringuello.eu\/fr\/tag\/ceramique\/\" class=\"tag-cloud-link tag-link-154 tag-link-position-4\" style=\"font-size: 8pt;\" aria-label=\"c\u00e9ramique (1 \u00e9l\u00e9ment)\">c\u00e9ramique<\/a>\n<a href=\"https:\/\/www.fringuello.eu\/fr\/tag\/feste-fr\/\" class=\"tag-cloud-link tag-link-188 tag-link-position-5\" style=\"font-size: 8pt;\" aria-label=\"feste (1 \u00e9l\u00e9ment)\">feste<\/a>\n<a href=\"https:\/\/www.fringuello.eu\/fr\/tag\/matrimoni-fr\/\" class=\"tag-cloud-link tag-link-187 tag-link-position-6\" style=\"font-size: 8pt;\" aria-label=\"matrimoni (1 \u00e9l\u00e9ment)\">matrimoni<\/a>\n<a href=\"https:\/\/www.fringuello.eu\/fr\/tag\/meditation-fr\/\" class=\"tag-cloud-link tag-link-149 tag-link-position-7\" style=\"font-size: 8pt;\" aria-label=\"meditation (1 \u00e9l\u00e9ment)\">meditation<\/a>\n<a href=\"https:\/\/www.fringuello.eu\/fr\/tag\/randonner\/\" class=\"tag-cloud-link tag-link-184 tag-link-position-8\" style=\"font-size: 8pt;\" aria-label=\"randonner (1 \u00e9l\u00e9ment)\">randonner<\/a>\n<a href=\"https:\/\/www.fringuello.eu\/fr\/tag\/sante\/\" class=\"tag-cloud-link tag-link-183 tag-link-position-9\" style=\"font-size: 8pt;\" aria-label=\"sant\u00e9 (1 \u00e9l\u00e9ment)\">sant\u00e9<\/a>\n<a href=\"https:\/\/www.fringuello.eu\/fr\/tag\/yoga-fr\/\" class=\"tag-cloud-link tag-link-148 tag-link-position-10\" style=\"font-size: 8pt;\" aria-label=\"yoga (1 \u00e9l\u00e9ment)\">yoga<\/a><\/div>\n<\/div>\t\t\t\t<\/div>\n\t\t\t\t<\/div>\n\t\t\t\t\t<\/div>\n\t\t<\/div>\n\t\t\t\t\t<\/div>\n\t\t<\/section>\n\t\t\t\t<\/div>\n\t\t","protected":false},"excerpt":{"rendered":"<p>\u00c9V\u00c9NEMENTS<\/p>\n","protected":false},"author":1,"featured_media":0,"parent":0,"menu_order":0,"comment_status":"closed","ping_status":"closed","template":"","meta":{"footnotes":""},"class_list":["post-8473","page","type-page","status-publish","hentry"],"aioseo_notices":[],"_links":{"self":[{"href":"https:\/\/www.fringuello.eu\/fr\/wp-json\/wp\/v2\/pages\/8473","targetHints":{"allow":["GET"]}}],"collection":[{"href":"https:\/\/www.fringuello.eu\/fr\/wp-json\/wp\/v2\/pages"}],"about":[{"href":"https:\/\/www.fringuello.eu\/fr\/wp-json\/wp\/v2\/types\/page"}],"author":[{"embeddable":true,"href":"https:\/\/www.fringuello.eu\/fr\/wp-json\/wp\/v2\/users\/1"}],"replies":[{"embeddable":true,"href":"https:\/\/www.fringuello.eu\/fr\/wp-json\/wp\/v2\/comments?post=8473"}],"version-history":[{"count":17,"href":"https:\/\/www.fringuello.eu\/fr\/wp-json\/wp\/v2\/pages\/8473\/revisions"}],"predecessor-version":[{"id":8721,"href":"https:\/\/www.fringuello.eu\/fr\/wp-json\/wp\/v2\/pages\/8473\/revisions\/8721"}],"wp:attachment":[{"href":"https:\/\/www.fringuello.eu\/fr\/wp-json\/wp\/v2\/media?parent=8473"}],"curies":[{"name":"wp","href":"https:\/\/api.w.org\/{rel}","templated":true}]}}